{"id":9,"date":"2024-08-30T12:05:02","date_gmt":"2024-08-30T12:05:02","guid":{"rendered":"https:\/\/upmgspa.fr\/?page_id=9"},"modified":"2026-01-31T17:55:33","modified_gmt":"2026-01-31T17:55:33","slug":"luniversite-populaire-des-gorges-de-la-siagne-et-des-prealpes-dazur","status":"publish","type":"page","link":"https:\/\/upmgspa.fr\/en\/","title":{"rendered":"Universit\u00e9 Populaire des Gorges de la Siagne et des Pr\u00e9alpes d\u2019Azur"},"content":{"rendered":"<p>[et_pb_section fb_built=\u00a0\u00bb1&Prime; fullwidth=\u00a0\u00bbon\u00a0\u00bb _builder_version=\u00a0\u00bb4.27.0&Prime; _module_preset=\u00a0\u00bbdefault\u00a0\u00bb global_colors_info=\u00a0\u00bb{}\u00a0\u00bb][et_pb_fullwidth_image src=\u00a0\u00bbhttps:\/\/upmgspa.fr\/wp-content\/uploads\/2024\/08\/upmgspa-prealpes-azur.webp\u00a0\u00bb alt=\u00a0\u00bbupmgspa-prealpes-azur\u00a0\u00bb title_text=\u00a0\u00bbupmgspa-prealpes-azur\u00a0\u00bb _builder_version=\u00a0\u00bb4.27.0&Prime; _module_preset=\u00a0\u00bbdefault\u00a0\u00bb global_colors_info=\u00a0\u00bb{}\u00a0\u00bb][\/et_pb_fullwidth_image][\/et_pb_section][et_pb_section fb_built=\u00a0\u00bb1&Prime; _builder_version=\u00a0\u00bb4.27.0&Prime; _module_preset=\u00a0\u00bbdefault\u00a0\u00bb background_color=\u00a0\u00bbrgba(13,23,81,0.57)\u00a0\u00bb global_colors_info=\u00a0\u00bb{}\u00a0\u00bb][et_pb_row column_structure=\u00a0\u00bb1_2,1_2&Prime; _builder_version=\u00a0\u00bb4.27.5&Prime; _module_preset=\u00a0\u00bbdefault\u00a0\u00bb global_colors_info=\u00a0\u00bb{}\u00a0\u00bb][et_pb_column type=\u00a0\u00bb1_2&Prime; _builder_version=\u00a0\u00bb4.27.0&Prime; _module_preset=\u00a0\u00bbdefault\u00a0\u00bb global_colors_info=\u00a0\u00bb{}\u00a0\u00bb][et_pb_text module_id=\u00a0\u00bb.upmgspa-btn {  background: linear-gradient(135deg, #8FBC8F, #4682B4);  border-radius: 25px;  box-shadow: 0 4px 15px rgba(0,0,0,0.2);  transition: all 0.3s ease;}\u00a0\u00bb _builder_version=\u00a0\u00bb4.27.5&Prime; _module_preset=\u00a0\u00bbdefault\u00a0\u00bb text_font=\u00a0\u00bb&#8211;et_global_body_font||||||||\u00a0\u00bb text_text_color=\u00a0\u00bb#FFFFFF\u00a0\u00bb header_font=\u00a0\u00bb&#8211;et_global_body_font|600|||||||\u00a0\u00bb header_text_color=\u00a0\u00bbrgba(0,0,0,0.82)\u00a0\u00bb header_font_size=\u00a0\u00bb27px\u00a0\u00bb header_letter_spacing=\u00a0\u00bb2px\u00a0\u00bb header_line_height=\u00a0\u00bb1.2em\u00a0\u00bb global_colors_info=\u00a0\u00bb{}\u00a0\u00bb]<\/p>\n<h1 style=\"text-align: center;\" align=\"justify\"><span style=\"font-size: large;\">L\u2019Universit\u00e9 Populaire des Gorges de la Siagne et des Pr\u00e9alpes d\u2019Azur<\/span><\/h1>\n<p align=\"justify\"><span style=\"font-size: large;\">Mettant en commun leur int\u00e9r\u00eat pour les connaissances, savoirs et cultures de tous types, d\u00e9sireux de les partager avec le plus grand nombre possible de leurs concitoyens dans un esprit d\u2019\u00e9ducation tout au long de la vie et de progr\u00e8s humain, des r\u00e9sidents du territoire des Gorges de la Siagne et des Pr\u00e9alpes d\u2019Azur s\u2019unissent dans un cadre r\u00e9gi par la Loi du 1<sup>er<\/sup> juillet 1901 sur les Associations.<\/span><\/p>\n<p align=\"justify\"><span style=\"font-size: large;\">L\u2019<b>Universit\u00e9 Populaire <\/b><b>des Gorges de la Siagne et des Pr\u00e9alpes d\u2019Azur<\/b><b> <\/b>a pour but de concourir par divers moyens et actions, ponctuels ou r\u00e9guliers, r\u00e9alis\u00e9s de fa\u00e7on autonome ou en partenariat, \u00e0 l\u2019am\u00e9lioration des conditions d\u2019acc\u00e8s pour tous, sans distinction, aux connaissances, apprentissages et cultures de tous types, tout au long de la vie.<\/span><\/p>\n<p align=\"justify\"><span style=\"font-size: large;\">l\u2019<b>Universit\u00e9 Populaire <\/b><b>des Gorges de la Siagne et des Pr\u00e9alpes d\u2019Azur<\/b> promeut \u00e9galement en paroles et en actes, conform\u00e9ment \u00e0 ses objectifs, les valeurs d\u2019\u00e9ducation tout au long de la vie, de d\u00e9veloppement personnel et collectif, de d\u00e9mocratie et de citoyennet\u00e9 active, de d\u00e9bat public dans la libert\u00e9 d\u2019expression et le respect mutuel, de dialogue, de diversit\u00e9 culturelle, et de progr\u00e8s humain.<\/span><\/p>\n<p align=\"justify\"><span style=\"font-size: large;\">L\u2019<b>Universit\u00e9 Populaire <\/b><b>des Gorges de la Siagne et des Pr\u00e9alpes d\u2019Azur <\/b>ne promeut aucune philosophie ni croyance sinon la libert\u00e9 de les avoir toutes, de les exposer et d\u2019en d\u00e9battre librement et respectueusement, ou d\u2019en changer. Elle promeut la r\u00e9flexion libre et le d\u00e9bat. Elle vise, en raison m\u00eame de son objet, \u00e0 l\u2019expression de la pluralit\u00e9 des points de vue.<\/span><\/p>\n<p align=\"justify\"><span style=\"font-size: large;\">L\u2019<b>Universit\u00e9 Populaire <\/b><b>des Gorges de la Siagne et des Pr\u00e9alpes d\u2019Azur<\/b>, en vue de la r\u00e9alisation de ses objectifs, s\u2019inscrit dans une d\u00e9marche de synergie avec d\u2019autres acteurs, institutions et associations sur le territoire PACA et au-del\u00e0. Dans le cadre des objectifs d\u00e9finis dans ses statuts , elle coop\u00e8re, dans le respect de l\u2019ind\u00e9pendance et de la diversit\u00e9 des partenaires : assistance mutuelle, \u00e9changes d\u2019information et de formation, co-organisation d\u2019\u00e9v\u00e9nements, r\u00e9flexion conjointe.<\/span><\/p>\n<p align=\"justify\">[\/et_pb_text][\/et_pb_column][et_pb_column type=\u00a0\u00bb1_2&Prime; _builder_version=\u00a0\u00bb4.27.0&Prime; _module_preset=\u00a0\u00bbdefault\u00a0\u00bb global_colors_info=\u00a0\u00bb{}\u00a0\u00bb][et_pb_image src=\u00a0\u00bbhttps:\/\/upmgspa.fr\/wp-content\/uploads\/2024\/08\/upmga-siagne.webp\u00a0\u00bb alt=\u00a0\u00bbupmga-siagne-pont-des-tuves\u00a0\u00bb title_text=\u00a0\u00bbupmga-siagne-pont-des-tuves\u00a0\u00bb admin_label=\u00a0\u00bbpont des tuves \u00a0\u00bb _builder_version=\u00a0\u00bb4.27.0&Prime; _module_preset=\u00a0\u00bbdefault\u00a0\u00bb border_radii=\u00a0\u00bbon|12px|12px|12px|12px\u00a0\u00bb box_shadow_style=\u00a0\u00bbpreset4&Prime; global_colors_info=\u00a0\u00bb{}\u00a0\u00bb][\/et_pb_image][et_pb_image src=\u00a0\u00bbhttps:\/\/upmgspa.fr\/wp-content\/uploads\/2024\/08\/upmgspa-prealpes-azur.webp\u00a0\u00bb alt=\u00a0\u00bbupmgspa-prealpes-azur\u00a0\u00bb title_text=\u00a0\u00bbupmgspa-prealpes-azur\u00a0\u00bb admin_label=\u00a0\u00bbpont des tuves 2&Prime; _builder_version=\u00a0\u00bb4.27.0&Prime; _module_preset=\u00a0\u00bbdefault\u00a0\u00bb border_radii=\u00a0\u00bbon|12px|12px|12px|12px\u00a0\u00bb box_shadow_style=\u00a0\u00bbpreset4&Prime; global_colors_info=\u00a0\u00bb{}\u00a0\u00bb][\/et_pb_image][et_pb_video src=\u00a0\u00bbhttps:\/\/www.youtube.com\/watch?v=r4eJkbYbEdg\u00a0\u00bb _builder_version=\u00a0\u00bb4.27.0&Prime; _module_preset=\u00a0\u00bbdefault\u00a0\u00bb global_colors_info=\u00a0\u00bb{}\u00a0\u00bb][\/et_pb_video][\/et_pb_column][\/et_pb_row][\/et_pb_section]<\/p>\n","protected":false},"excerpt":{"rendered":"<p>des r\u00e9sidents du territoire des Gorges de la Siagne et des Pr\u00e9alpes d\u2019Azur s\u2019unissent dans un cadre r\u00e9gi par la Loi du 1er juillet 1901 sur les Associations et mettent en commun leur int\u00e9r\u00eat pour les connaissances, savoirs et cultures de tous types, d\u00e9sireux de les partager avec le plus grand nombre possible de leurs concitoyens dans un esprit d&rsquo;information et d\u2019\u00e9ducation.<\/p>","protected":false},"author":1,"featured_media":14,"parent":0,"menu_order":0,"comment_status":"closed","ping_status":"closed","template":"","meta":{"_et_pb_use_builder":"on","_et_pb_old_content":"","_et_gb_content_width":"","footnotes":""},"class_list":["post-9","page","type-page","status-publish","has-post-thumbnail","hentry"],"yoast_head":"<!-- This site is optimized with the Yoast SEO plugin v27.2 - https:\/\/yoast.com\/product\/yoast-seo-wordpress\/ -->\n<title>Universit\u00e9 Populaire des Gorges de la Siagne et des Pr\u00e9alpes d\u2019Azur - upmgspa.fr<\/title>\n<meta name=\"robots\" content=\"index, follow, max-snippet:-1, max-image-preview:large, max-video-preview:-1\" \/>\n<link rel=\"canonical\" href=\"https:\/\/upmgspa.fr\/en\/\" \/>\n<meta property=\"og:locale\" content=\"en_US\" \/>\n<meta property=\"og:type\" content=\"article\" \/>\n<meta property=\"og:title\" content=\"Universit\u00e9 Populaire des Gorges de la Siagne et des Pr\u00e9alpes d\u2019Azur - upmgspa.fr\" \/>\n<meta property=\"og:description\" content=\"des r\u00e9sidents du territoire des Gorges de la Siagne et des Pr\u00e9alpes d\u2019Azur s\u2019unissent dans un cadre r\u00e9gi par la Loi du 1er juillet 1901 sur les Associations et mettent en commun leur int\u00e9r\u00eat pour les connaissances, savoirs et cultures de tous types, d\u00e9sireux de les partager avec le plus grand nombre possible de leurs concitoyens dans un esprit d&#039;information et d\u2019\u00e9ducation.\" \/>\n<meta property=\"og:url\" content=\"https:\/\/upmgspa.fr\/en\/\" \/>\n<meta property=\"og:site_name\" content=\"upmgspa.fr\" \/>\n<meta property=\"article:publisher\" content=\"https:\/\/www.facebook.com\/upmgspa\/\" \/>\n<meta property=\"article:modified_time\" content=\"2026-01-31T17:55:33+00:00\" \/>\n<meta property=\"og:image\" content=\"https:\/\/upmgspa.fr\/wp-content\/uploads\/2024\/08\/upmga-siagne.webp\" \/>\n\t<meta property=\"og:image:width\" content=\"945\" \/>\n\t<meta property=\"og:image:height\" content=\"630\" \/>\n\t<meta property=\"og:image:type\" content=\"image\/webp\" \/>\n<meta name=\"twitter:card\" content=\"summary_large_image\" \/>\n<meta name=\"twitter:site\" content=\"@UPMGSPA\" \/>\n<meta name=\"twitter:label1\" content=\"Est. reading time\" \/>\n\t<meta name=\"twitter:data1\" content=\"3 minutes\" \/>\n<script type=\"application\/ld+json\" class=\"yoast-schema-graph\">{\"@context\":\"https:\/\/schema.org\",\"@graph\":[{\"@type\":\"WebPage\",\"@id\":\"https:\/\/upmgspa.fr\/\",\"url\":\"https:\/\/upmgspa.fr\/\",\"name\":\"Universit\u00e9 Populaire des Gorges de la Siagne et des Pr\u00e9alpes d\u2019Azur - upmgspa.fr\",\"isPartOf\":{\"@id\":\"https:\/\/upmgspa.fr\/#website\"},\"primaryImageOfPage\":{\"@id\":\"https:\/\/upmgspa.fr\/#primaryimage\"},\"image\":{\"@id\":\"https:\/\/upmgspa.fr\/#primaryimage\"},\"thumbnailUrl\":\"https:\/\/upmgspa.fr\/wp-content\/uploads\/2024\/08\/upmga-siagne.webp\",\"datePublished\":\"2024-08-30T12:05:02+00:00\",\"dateModified\":\"2026-01-31T17:55:33+00:00\",\"breadcrumb\":{\"@id\":\"https:\/\/upmgspa.fr\/#breadcrumb\"},\"inLanguage\":\"en-US\",\"potentialAction\":[{\"@type\":\"ReadAction\",\"target\":[\"https:\/\/upmgspa.fr\/\"]}]},{\"@type\":\"ImageObject\",\"inLanguage\":\"en-US\",\"@id\":\"https:\/\/upmgspa.fr\/#primaryimage\",\"url\":\"https:\/\/upmgspa.fr\/wp-content\/uploads\/2024\/08\/upmga-siagne.webp\",\"contentUrl\":\"https:\/\/upmgspa.fr\/wp-content\/uploads\/2024\/08\/upmga-siagne.webp\",\"width\":945,\"height\":630,\"caption\":\"upmga-siagne-pont-des-tuves\"},{\"@type\":\"BreadcrumbList\",\"@id\":\"https:\/\/upmgspa.fr\/#breadcrumb\",\"itemListElement\":[{\"@type\":\"ListItem\",\"position\":1,\"name\":\"Accueil\",\"item\":\"https:\/\/upmgspa.fr\/\"},{\"@type\":\"ListItem\",\"position\":2,\"name\":\"Universit\u00e9 Populaire des Gorges de la Siagne et des Pr\u00e9alpes d\u2019Azur\"}]},{\"@type\":\"WebSite\",\"@id\":\"https:\/\/upmgspa.fr\/#website\",\"url\":\"https:\/\/upmgspa.fr\/\",\"name\":\"upmgspa.fr\",\"description\":\"Un pont entre les \u00eatres dans notre r\u00e9gion\",\"publisher\":{\"@id\":\"https:\/\/upmgspa.fr\/#organization\"},\"potentialAction\":[{\"@type\":\"SearchAction\",\"target\":{\"@type\":\"EntryPoint\",\"urlTemplate\":\"https:\/\/upmgspa.fr\/?s={search_term_string}\"},\"query-input\":{\"@type\":\"PropertyValueSpecification\",\"valueRequired\":true,\"valueName\":\"search_term_string\"}}],\"inLanguage\":\"en-US\"},{\"@type\":\"Organization\",\"@id\":\"https:\/\/upmgspa.fr\/#organization\",\"name\":\"upmgspa.fr\",\"url\":\"https:\/\/upmgspa.fr\/\",\"logo\":{\"@type\":\"ImageObject\",\"inLanguage\":\"en-US\",\"@id\":\"https:\/\/upmgspa.fr\/#\/schema\/logo\/image\/\",\"url\":\"https:\/\/upmgspa.fr\/wp-content\/uploads\/2024\/10\/logo-UPMGSPA.png\",\"contentUrl\":\"https:\/\/upmgspa.fr\/wp-content\/uploads\/2024\/10\/logo-UPMGSPA.png\",\"width\":500,\"height\":500,\"caption\":\"upmgspa.fr\"},\"image\":{\"@id\":\"https:\/\/upmgspa.fr\/#\/schema\/logo\/image\/\"},\"sameAs\":[\"https:\/\/www.facebook.com\/upmgspa\/\",\"https:\/\/x.com\/UPMGSPA\"]}]}<\/script>\n<!-- \/ Yoast SEO plugin. -->","yoast_head_json":{"title":"Universit\u00e9 Populaire des Gorges de la Siagne et des Pr\u00e9alpes d\u2019Azur - upmgspa.fr","robots":{"index":"index","follow":"follow","max-snippet":"max-snippet:-1","max-image-preview":"max-image-preview:large","max-video-preview":"max-video-preview:-1"},"canonical":"https:\/\/upmgspa.fr\/en\/","og_locale":"en_US","og_type":"article","og_title":"Universit\u00e9 Populaire des Gorges de la Siagne et des Pr\u00e9alpes d\u2019Azur - upmgspa.fr","og_description":"des r\u00e9sidents du territoire des Gorges de la Siagne et des Pr\u00e9alpes d\u2019Azur s\u2019unissent dans un cadre r\u00e9gi par la Loi du 1er juillet 1901 sur les Associations et mettent en commun leur int\u00e9r\u00eat pour les connaissances, savoirs et cultures de tous types, d\u00e9sireux de les partager avec le plus grand nombre possible de leurs concitoyens dans un esprit d'information et d\u2019\u00e9ducation.","og_url":"https:\/\/upmgspa.fr\/en\/","og_site_name":"upmgspa.fr","article_publisher":"https:\/\/www.facebook.com\/upmgspa\/","article_modified_time":"2026-01-31T17:55:33+00:00","og_image":[{"width":945,"height":630,"url":"https:\/\/upmgspa.fr\/wp-content\/uploads\/2024\/08\/upmga-siagne.webp","type":"image\/webp"}],"twitter_card":"summary_large_image","twitter_site":"@UPMGSPA","twitter_misc":{"Est. reading time":"3 minutes"},"schema":{"@context":"https:\/\/schema.org","@graph":[{"@type":"WebPage","@id":"https:\/\/upmgspa.fr\/","url":"https:\/\/upmgspa.fr\/","name":"Universit\u00e9 Populaire des Gorges de la Siagne et des Pr\u00e9alpes d\u2019Azur - upmgspa.fr","isPartOf":{"@id":"https:\/\/upmgspa.fr\/#website"},"primaryImageOfPage":{"@id":"https:\/\/upmgspa.fr\/#primaryimage"},"image":{"@id":"https:\/\/upmgspa.fr\/#primaryimage"},"thumbnailUrl":"https:\/\/upmgspa.fr\/wp-content\/uploads\/2024\/08\/upmga-siagne.webp","datePublished":"2024-08-30T12:05:02+00:00","dateModified":"2026-01-31T17:55:33+00:00","breadcrumb":{"@id":"https:\/\/upmgspa.fr\/#breadcrumb"},"inLanguage":"en-US","potentialAction":[{"@type":"ReadAction","target":["https:\/\/upmgspa.fr\/"]}]},{"@type":"ImageObject","inLanguage":"en-US","@id":"https:\/\/upmgspa.fr\/#primaryimage","url":"https:\/\/upmgspa.fr\/wp-content\/uploads\/2024\/08\/upmga-siagne.webp","contentUrl":"https:\/\/upmgspa.fr\/wp-content\/uploads\/2024\/08\/upmga-siagne.webp","width":945,"height":630,"caption":"upmga-siagne-pont-des-tuves"},{"@type":"BreadcrumbList","@id":"https:\/\/upmgspa.fr\/#breadcrumb","itemListElement":[{"@type":"ListItem","position":1,"name":"Accueil","item":"https:\/\/upmgspa.fr\/"},{"@type":"ListItem","position":2,"name":"Universit\u00e9 Populaire des Gorges de la Siagne et des Pr\u00e9alpes d\u2019Azur"}]},{"@type":"WebSite","@id":"https:\/\/upmgspa.fr\/#website","url":"https:\/\/upmgspa.fr\/","name":"upmgspa.fr","description":"Un pont entre les \u00eatres dans notre r\u00e9gion","publisher":{"@id":"https:\/\/upmgspa.fr\/#organization"},"potentialAction":[{"@type":"SearchAction","target":{"@type":"EntryPoint","urlTemplate":"https:\/\/upmgspa.fr\/?s={search_term_string}"},"query-input":{"@type":"PropertyValueSpecification","valueRequired":true,"valueName":"search_term_string"}}],"inLanguage":"en-US"},{"@type":"Organization","@id":"https:\/\/upmgspa.fr\/#organization","name":"upmgspa.fr","url":"https:\/\/upmgspa.fr\/","logo":{"@type":"ImageObject","inLanguage":"en-US","@id":"https:\/\/upmgspa.fr\/#\/schema\/logo\/image\/","url":"https:\/\/upmgspa.fr\/wp-content\/uploads\/2024\/10\/logo-UPMGSPA.png","contentUrl":"https:\/\/upmgspa.fr\/wp-content\/uploads\/2024\/10\/logo-UPMGSPA.png","width":500,"height":500,"caption":"upmgspa.fr"},"image":{"@id":"https:\/\/upmgspa.fr\/#\/schema\/logo\/image\/"},"sameAs":["https:\/\/www.facebook.com\/upmgspa\/","https:\/\/x.com\/UPMGSPA"]}]}},"_links":{"self":[{"href":"https:\/\/upmgspa.fr\/en\/wp-json\/wp\/v2\/pages\/9","targetHints":{"allow":["GET"]}}],"collection":[{"href":"https:\/\/upmgspa.fr\/en\/wp-json\/wp\/v2\/pages"}],"about":[{"href":"https:\/\/upmgspa.fr\/en\/wp-json\/wp\/v2\/types\/page"}],"author":[{"embeddable":true,"href":"https:\/\/upmgspa.fr\/en\/wp-json\/wp\/v2\/users\/1"}],"replies":[{"embeddable":true,"href":"https:\/\/upmgspa.fr\/en\/wp-json\/wp\/v2\/comments?post=9"}],"version-history":[{"count":5,"href":"https:\/\/upmgspa.fr\/en\/wp-json\/wp\/v2\/pages\/9\/revisions"}],"predecessor-version":[{"id":239,"href":"https:\/\/upmgspa.fr\/en\/wp-json\/wp\/v2\/pages\/9\/revisions\/239"}],"wp:featuredmedia":[{"embeddable":true,"href":"https:\/\/upmgspa.fr\/en\/wp-json\/wp\/v2\/media\/14"}],"wp:attachment":[{"href":"https:\/\/upmgspa.fr\/en\/wp-json\/wp\/v2\/media?parent=9"}],"curies":[{"name":"wp","href":"https:\/\/api.w.org\/{rel}","templated":true}]}}