{"id":49,"date":"2024-08-30T14:39:30","date_gmt":"2024-08-30T14:39:30","guid":{"rendered":"https:\/\/upmgspa.fr\/?page_id=49"},"modified":"2024-08-30T16:22:19","modified_gmt":"2024-08-30T16:22:19","slug":"nos-partenaires","status":"publish","type":"page","link":"https:\/\/upmgspa.fr\/en\/nos-partenaires\/","title":{"rendered":"Nos partenaires"},"content":{"rendered":"<p>[et_pb_section fb_built=\u00a0\u00bb1&Prime; fullwidth=\u00a0\u00bbon\u00a0\u00bb admin_label=\u00a0\u00bbSection\u00a0\u00bb _builder_version=\u00a0\u00bb4.27.0&Prime; _module_preset=\u00a0\u00bbdefault\u00a0\u00bb global_colors_info=\u00a0\u00bb{}\u00a0\u00bb][et_pb_fullwidth_image src=\u00a0\u00bbhttps:\/\/upmgspa.fr\/wp-content\/uploads\/2024\/08\/upmgspa-prealpes-azur.webp\u00a0\u00bb alt=\u00a0\u00bbupmgspa-prealpes-azur\u00a0\u00bb title_text=\u00a0\u00bbupmgspa-prealpes-azur\u00a0\u00bb _builder_version=\u00a0\u00bb4.27.0&Prime; _module_preset=\u00a0\u00bbdefault\u00a0\u00bb global_colors_info=\u00a0\u00bb{}\u00a0\u00bb][\/et_pb_fullwidth_image][\/et_pb_section][et_pb_section fb_built=\u00a0\u00bb1&Prime; _builder_version=\u00a0\u00bb4.27.0&Prime; _module_preset=\u00a0\u00bbdefault\u00a0\u00bb background_color=\u00a0\u00bbrgba(13,23,81,0.57)\u00a0\u00bb global_colors_info=\u00a0\u00bb{}\u00a0\u00bb][et_pb_row column_structure=\u00a0\u00bb1_3,1_3,1_3&Prime; _builder_version=\u00a0\u00bb4.27.0&Prime; _module_preset=\u00a0\u00bbdefault\u00a0\u00bb global_colors_info=\u00a0\u00bb{}\u00a0\u00bb][et_pb_column type=\u00a0\u00bb1_3&Prime; _builder_version=\u00a0\u00bb4.27.0&Prime; _module_preset=\u00a0\u00bbdefault\u00a0\u00bb global_colors_info=\u00a0\u00bb{}\u00a0\u00bb][et_pb_text _builder_version=\u00a0\u00bb4.27.0&Prime; _module_preset=\u00a0\u00bbdefault\u00a0\u00bb text_font=\u00a0\u00bbAbyssinica SIL|700|||||||\u00a0\u00bb text_text_color=\u00a0\u00bb#FFFFFF\u00a0\u00bb link_font=\u00a0\u00bbAbyssinica SIL||||||||\u00a0\u00bb link_text_color=\u00a0\u00bb#FFFFFF\u00a0\u00bb header_font=\u00a0\u00bb&#8211;et_global_body_font||||||||\u00a0\u00bb hover_enabled=\u00a0\u00bb0&Prime; global_colors_info=\u00a0\u00bb{}\u00a0\u00bb sticky_enabled=\u00a0\u00bb0&Prime;]<\/p>\n<h1>l\u2019Association des Universit\u00e9s Populaires de France (AUPF)<\/h1>\n<p style=\"text-align: justify;\"><a href=\"https:\/\/www.aupf.fr\/\" target=\"_blank\" rel=\"noopener\">Une coop\u00e9ration d&rsquo;id\u00e9es et d&rsquo;actions au service des associations engag\u00e9es dans l&rsquo;\u00e9ducation populaire !<\/a><\/p>\n<p style=\"text-align: justify;\"><a href=\"_wp_link_placeholder\">L\u2019AUPF a pour vocation de mettre en r\u00e9seau des associations qui \u0153uvrent \u00e0 l\u2019\u00e9ducation populaire et cr\u00e9ent les conditions d\u2019un acc\u00e8s pour tous aux apprentissages et \u00e0 la culture, tout au long de la vie.<\/a><\/p>\n<p>[\/et_pb_text][et_pb_image src=\u00a0\u00bbhttps:\/\/upmgspa.fr\/wp-content\/uploads\/2024\/08\/logo-AUPF-upmgspa.png\u00a0\u00bb alt=\u00a0\u00bblogo-AUPF-upmgspa\u00a0\u00bb title_text=\u00a0\u00bblogo-AUPF-upmgspa\u00a0\u00bb url=\u00a0\u00bbhttps:\/\/www.aupf.fr\/\u00a0\u00bb url_new_window=\u00a0\u00bbon\u00a0\u00bb _builder_version=\u00a0\u00bb4.27.0&Prime; _module_preset=\u00a0\u00bbdefault\u00a0\u00bb global_colors_info=\u00a0\u00bb{}\u00a0\u00bb][\/et_pb_image][\/et_pb_column][et_pb_column type=\u00a0\u00bb1_3&Prime; _builder_version=\u00a0\u00bb4.27.0&Prime; _module_preset=\u00a0\u00bbdefault\u00a0\u00bb global_colors_info=\u00a0\u00bb{}\u00a0\u00bb][et_pb_text _builder_version=\u00a0\u00bb4.27.0&Prime; _module_preset=\u00a0\u00bbdefault\u00a0\u00bb text_font=\u00a0\u00bb&#8211;et_global_body_font|700|||||||\u00a0\u00bb text_text_color=\u00a0\u00bb#FFFFFF\u00a0\u00bb link_font=\u00a0\u00bbAbyssinica SIL||||||||\u00a0\u00bb link_text_color=\u00a0\u00bb#FFFFFF\u00a0\u00bb header_font=\u00a0\u00bb&#8211;et_global_body_font||||||||\u00a0\u00bb hover_enabled=\u00a0\u00bb0&Prime; global_colors_info=\u00a0\u00bb{}\u00a0\u00bb sticky_enabled=\u00a0\u00bb0&Prime;]<\/p>\n<h1>Parc naturel r\u00e9gional des Pr\u00e9alpes d\u2019Azur<\/h1>\n<p style=\"text-align: justify;\"><a href=\"https:\/\/www.parc-prealpesdazur.fr\/\" target=\"_blank\" rel=\"noopener\">Au c\u0153ur du r\u00e9seau des espaces prot\u00e9g\u00e9s de l\u2019arc alpin, les Pr\u00e9alpes d\u2019Azur s\u2019inscrivent dans un ensemble continu d\u2019espaces prot\u00e9g\u00e9s allant de la Camargue \u00e0 l\u2019Italie. Il appartient au hot spot mondial de la biodiversit\u00e9 pr\u00e9sent \u00e0 la crois\u00e9e des influences m\u00e9diterran\u00e9ennes et alpines. Cet espace rural montagnard pr\u00e9serv\u00e9 surplombant le littoral, est une entit\u00e9 coh\u00e9rente au sein du Moyen pays des Alpes-Maritimes, qui se situe au Sud puis \u00e0 l\u2019Ouest (rive droite) du fleuve Var et \u00e0 l\u2019Est (rive gauche) du fleuve Siagne.<\/a><\/p>\n<p>[\/et_pb_text][et_pb_image src=\u00a0\u00bbhttps:\/\/upmgspa.fr\/wp-content\/uploads\/2024\/08\/logo-prpa-upmgspa.png\u00a0\u00bb alt=\u00a0\u00bblogo-prpa-upmgspa\u00a0\u00bb title_text=\u00a0\u00bblogo-prpa-upmgspa\u00a0\u00bb url=\u00a0\u00bbhttps:\/\/www.parc-prealpesdazur.fr\/\u00a0\u00bb url_new_window=\u00a0\u00bbon\u00a0\u00bb _builder_version=\u00a0\u00bb4.27.0&Prime; _module_preset=\u00a0\u00bbdefault\u00a0\u00bb global_colors_info=\u00a0\u00bb{}\u00a0\u00bb][\/et_pb_image][\/et_pb_column][et_pb_column type=\u00a0\u00bb1_3&Prime; _builder_version=\u00a0\u00bb4.27.0&Prime; _module_preset=\u00a0\u00bbdefault\u00a0\u00bb global_colors_info=\u00a0\u00bb{}\u00a0\u00bb][et_pb_text _builder_version=\u00a0\u00bb4.27.0&Prime; _module_preset=\u00a0\u00bbdefault\u00a0\u00bb text_font=\u00a0\u00bbAbyssinica SIL|700|||||||\u00a0\u00bb text_text_color=\u00a0\u00bb#FFFFFF\u00a0\u00bb link_font=\u00a0\u00bbAbyssinica SIL||||||||\u00a0\u00bb link_text_color=\u00a0\u00bb#FFFFFF\u00a0\u00bb header_font=\u00a0\u00bb&#8211;et_global_body_font||||||||\u00a0\u00bb hover_enabled=\u00a0\u00bb0&Prime; global_colors_info=\u00a0\u00bb{}\u00a0\u00bb sticky_enabled=\u00a0\u00bb0&Prime;]<\/p>\n<h1>Association de sauvegarde de la Siagne et de son canal<\/h1>\n<p style=\"text-align: justify;\"><a href=\"https:\/\/canaldelasiagne.fr\/\" target=\"_blank\" rel=\"noopener\">Le Canal de la Siagne est partie int\u00e9grante du patrimoine du moyen pays grassois. Il a structur\u00e9 toute la vie des populations locales et auquel les riverains sont profond\u00e9ment attach\u00e9s qui fait partie &#8230;<\/a><\/p>\n<p>&nbsp;<\/p>\n<p>[\/et_pb_text][et_pb_image src=\u00a0\u00bbhttps:\/\/upmgspa.fr\/wp-content\/uploads\/2024\/08\/logo-canal-de-la-siagne.gif\u00a0\u00bb alt=\u00a0\u00bblogo-canal-de-la-siagne\u00a0\u00bb title_text=\u00a0\u00bblogo-canal-de-la-siagne\u00a0\u00bb url=\u00a0\u00bbhttps:\/\/canaldelasiagne.fr\/\u00a0\u00bb url_new_window=\u00a0\u00bbon\u00a0\u00bb _builder_version=\u00a0\u00bb4.27.0&Prime; _module_preset=\u00a0\u00bbdefault\u00a0\u00bb global_colors_info=\u00a0\u00bb{}\u00a0\u00bb][\/et_pb_image][\/et_pb_column][\/et_pb_row][\/et_pb_section]<\/p>\n","protected":false},"excerpt":{"rendered":"<p>l\u2019Association des Universit\u00e9s Populaires de France (AUPF) Une coop\u00e9ration d&rsquo;id\u00e9es et d&rsquo;actions au service des associations engag\u00e9es dans l&rsquo;\u00e9ducation populaire ! L\u2019AUPF a pour vocation de mettre en r\u00e9seau des associations qui \u0153uvrent \u00e0 l\u2019\u00e9ducation populaire et cr\u00e9ent les conditions d\u2019un acc\u00e8s pour tous aux apprentissages et \u00e0 la culture, tout au long de la vie.Parc naturel r\u00e9gional des Pr\u00e9alpes d\u2019Azur Au c\u0153ur du r\u00e9seau des espaces prot\u00e9g\u00e9s de l\u2019arc alpin, les Pr\u00e9alpes d\u2019Azur s\u2019inscrivent dans un ensemble continu d\u2019espaces prot\u00e9g\u00e9s allant de la Camargue \u00e0 l\u2019Italie. Il appartient au hot spot mondial de la biodiversit\u00e9 pr\u00e9sent \u00e0 la crois\u00e9e des influences m\u00e9diterran\u00e9ennes et alpines. Cet espace rural montagnard pr\u00e9serv\u00e9 surplombant le littoral, est une entit\u00e9 coh\u00e9rente au sein du Moyen pays des Alpes-Maritimes, qui se situe au Sud puis \u00e0 l\u2019Ouest (rive droite) du fleuve Var et \u00e0 l\u2019Est (rive gauche) du fleuve Siagne.Association de sauvegarde de la Siagne et de son canal Le Canal de la Siagne est partie int\u00e9grante du patrimoine du moyen pays grassois. Il a structur\u00e9 toute la vie des populations locales et auquel les riverains sont profond\u00e9ment attach\u00e9s qui fait partie &#8230; &nbsp;<\/p>","protected":false},"author":1,"featured_media":0,"parent":0,"menu_order":0,"comment_status":"closed","ping_status":"closed","template":"","meta":{"_et_pb_use_builder":"on","_et_pb_old_content":"","_et_gb_content_width":"","footnotes":""},"class_list":["post-49","page","type-page","status-publish","hentry"],"yoast_head":"<!-- This site is optimized with the Yoast SEO plugin v27.2 - https:\/\/yoast.com\/product\/yoast-seo-wordpress\/ -->\n<title>Nos partenaires - upmgspa.fr<\/title>\n<meta name=\"robots\" content=\"index, follow, max-snippet:-1, max-image-preview:large, max-video-preview:-1\" \/>\n<link rel=\"canonical\" href=\"https:\/\/upmgspa.fr\/en\/nos-partenaires\/\" \/>\n<meta property=\"og:locale\" content=\"en_US\" \/>\n<meta property=\"og:type\" content=\"article\" \/>\n<meta property=\"og:title\" content=\"Nos partenaires - upmgspa.fr\" \/>\n<meta property=\"og:description\" content=\"l\u2019Association des Universit\u00e9s Populaires de France (AUPF) Une coop\u00e9ration d&#039;id\u00e9es et d&#039;actions au service des associations engag\u00e9es dans l&#039;\u00e9ducation populaire ! L\u2019AUPF a pour vocation de mettre en r\u00e9seau des associations qui \u0153uvrent \u00e0 l\u2019\u00e9ducation populaire et cr\u00e9ent les conditions d\u2019un acc\u00e8s pour tous aux apprentissages et \u00e0 la culture, tout au long de la vie.Parc naturel r\u00e9gional des Pr\u00e9alpes d\u2019Azur Au c\u0153ur du r\u00e9seau des espaces prot\u00e9g\u00e9s de l\u2019arc alpin, les Pr\u00e9alpes d\u2019Azur s\u2019inscrivent dans un ensemble continu d\u2019espaces prot\u00e9g\u00e9s allant de la Camargue \u00e0 l\u2019Italie. Il appartient au hot spot mondial de la biodiversit\u00e9 pr\u00e9sent \u00e0 la crois\u00e9e des influences m\u00e9diterran\u00e9ennes et alpines. Cet espace rural montagnard pr\u00e9serv\u00e9 surplombant le littoral, est une entit\u00e9 coh\u00e9rente au sein du Moyen pays des Alpes-Maritimes, qui se situe au Sud puis \u00e0 l\u2019Ouest (rive droite) du fleuve Var et \u00e0 l\u2019Est (rive gauche) du fleuve Siagne.Association de sauvegarde de la Siagne et de son canal Le Canal de la Siagne est partie int\u00e9grante du patrimoine du moyen pays grassois. Il a structur\u00e9 toute la vie des populations locales et auquel les riverains sont profond\u00e9ment attach\u00e9s qui fait partie ... &nbsp;\" \/>\n<meta property=\"og:url\" content=\"https:\/\/upmgspa.fr\/en\/nos-partenaires\/\" \/>\n<meta property=\"og:site_name\" content=\"upmgspa.fr\" \/>\n<meta property=\"article:publisher\" content=\"https:\/\/www.facebook.com\/upmgspa\/\" \/>\n<meta property=\"article:modified_time\" content=\"2024-08-30T16:22:19+00:00\" \/>\n<meta name=\"twitter:card\" content=\"summary_large_image\" \/>\n<meta name=\"twitter:site\" content=\"@UPMGSPA\" \/>\n<meta name=\"twitter:label1\" content=\"Est. reading time\" \/>\n\t<meta name=\"twitter:data1\" content=\"3 minutes\" \/>\n<script type=\"application\/ld+json\" class=\"yoast-schema-graph\">{\"@context\":\"https:\/\/schema.org\",\"@graph\":[{\"@type\":\"WebPage\",\"@id\":\"https:\/\/upmgspa.fr\/nos-partenaires\/\",\"url\":\"https:\/\/upmgspa.fr\/nos-partenaires\/\",\"name\":\"Nos partenaires - upmgspa.fr\",\"isPartOf\":{\"@id\":\"https:\/\/upmgspa.fr\/#website\"},\"datePublished\":\"2024-08-30T14:39:30+00:00\",\"dateModified\":\"2024-08-30T16:22:19+00:00\",\"breadcrumb\":{\"@id\":\"https:\/\/upmgspa.fr\/nos-partenaires\/#breadcrumb\"},\"inLanguage\":\"en-US\",\"potentialAction\":[{\"@type\":\"ReadAction\",\"target\":[\"https:\/\/upmgspa.fr\/nos-partenaires\/\"]}]},{\"@type\":\"BreadcrumbList\",\"@id\":\"https:\/\/upmgspa.fr\/nos-partenaires\/#breadcrumb\",\"itemListElement\":[{\"@type\":\"ListItem\",\"position\":1,\"name\":\"Accueil\",\"item\":\"https:\/\/upmgspa.fr\/\"},{\"@type\":\"ListItem\",\"position\":2,\"name\":\"Nos partenaires\"}]},{\"@type\":\"WebSite\",\"@id\":\"https:\/\/upmgspa.fr\/#website\",\"url\":\"https:\/\/upmgspa.fr\/\",\"name\":\"upmgspa.fr\",\"description\":\"Un pont entre les \u00eatres dans notre r\u00e9gion\",\"publisher\":{\"@id\":\"https:\/\/upmgspa.fr\/#organization\"},\"potentialAction\":[{\"@type\":\"SearchAction\",\"target\":{\"@type\":\"EntryPoint\",\"urlTemplate\":\"https:\/\/upmgspa.fr\/?s={search_term_string}\"},\"query-input\":{\"@type\":\"PropertyValueSpecification\",\"valueRequired\":true,\"valueName\":\"search_term_string\"}}],\"inLanguage\":\"en-US\"},{\"@type\":\"Organization\",\"@id\":\"https:\/\/upmgspa.fr\/#organization\",\"name\":\"upmgspa.fr\",\"url\":\"https:\/\/upmgspa.fr\/\",\"logo\":{\"@type\":\"ImageObject\",\"inLanguage\":\"en-US\",\"@id\":\"https:\/\/upmgspa.fr\/#\/schema\/logo\/image\/\",\"url\":\"https:\/\/upmgspa.fr\/wp-content\/uploads\/2024\/10\/logo-UPMGSPA.png\",\"contentUrl\":\"https:\/\/upmgspa.fr\/wp-content\/uploads\/2024\/10\/logo-UPMGSPA.png\",\"width\":500,\"height\":500,\"caption\":\"upmgspa.fr\"},\"image\":{\"@id\":\"https:\/\/upmgspa.fr\/#\/schema\/logo\/image\/\"},\"sameAs\":[\"https:\/\/www.facebook.com\/upmgspa\/\",\"https:\/\/x.com\/UPMGSPA\"]}]}<\/script>\n<!-- \/ Yoast SEO plugin. -->","yoast_head_json":{"title":"Nos partenaires - upmgspa.fr","robots":{"index":"index","follow":"follow","max-snippet":"max-snippet:-1","max-image-preview":"max-image-preview:large","max-video-preview":"max-video-preview:-1"},"canonical":"https:\/\/upmgspa.fr\/en\/nos-partenaires\/","og_locale":"en_US","og_type":"article","og_title":"Nos partenaires - upmgspa.fr","og_description":"l\u2019Association des Universit\u00e9s Populaires de France (AUPF) Une coop\u00e9ration d'id\u00e9es et d'actions au service des associations engag\u00e9es dans l'\u00e9ducation populaire ! L\u2019AUPF a pour vocation de mettre en r\u00e9seau des associations qui \u0153uvrent \u00e0 l\u2019\u00e9ducation populaire et cr\u00e9ent les conditions d\u2019un acc\u00e8s pour tous aux apprentissages et \u00e0 la culture, tout au long de la vie.Parc naturel r\u00e9gional des Pr\u00e9alpes d\u2019Azur Au c\u0153ur du r\u00e9seau des espaces prot\u00e9g\u00e9s de l\u2019arc alpin, les Pr\u00e9alpes d\u2019Azur s\u2019inscrivent dans un ensemble continu d\u2019espaces prot\u00e9g\u00e9s allant de la Camargue \u00e0 l\u2019Italie. Il appartient au hot spot mondial de la biodiversit\u00e9 pr\u00e9sent \u00e0 la crois\u00e9e des influences m\u00e9diterran\u00e9ennes et alpines. Cet espace rural montagnard pr\u00e9serv\u00e9 surplombant le littoral, est une entit\u00e9 coh\u00e9rente au sein du Moyen pays des Alpes-Maritimes, qui se situe au Sud puis \u00e0 l\u2019Ouest (rive droite) du fleuve Var et \u00e0 l\u2019Est (rive gauche) du fleuve Siagne.Association de sauvegarde de la Siagne et de son canal Le Canal de la Siagne est partie int\u00e9grante du patrimoine du moyen pays grassois. Il a structur\u00e9 toute la vie des populations locales et auquel les riverains sont profond\u00e9ment attach\u00e9s qui fait partie ... &nbsp;","og_url":"https:\/\/upmgspa.fr\/en\/nos-partenaires\/","og_site_name":"upmgspa.fr","article_publisher":"https:\/\/www.facebook.com\/upmgspa\/","article_modified_time":"2024-08-30T16:22:19+00:00","twitter_card":"summary_large_image","twitter_site":"@UPMGSPA","twitter_misc":{"Est. reading time":"3 minutes"},"schema":{"@context":"https:\/\/schema.org","@graph":[{"@type":"WebPage","@id":"https:\/\/upmgspa.fr\/nos-partenaires\/","url":"https:\/\/upmgspa.fr\/nos-partenaires\/","name":"Nos partenaires - upmgspa.fr","isPartOf":{"@id":"https:\/\/upmgspa.fr\/#website"},"datePublished":"2024-08-30T14:39:30+00:00","dateModified":"2024-08-30T16:22:19+00:00","breadcrumb":{"@id":"https:\/\/upmgspa.fr\/nos-partenaires\/#breadcrumb"},"inLanguage":"en-US","potentialAction":[{"@type":"ReadAction","target":["https:\/\/upmgspa.fr\/nos-partenaires\/"]}]},{"@type":"BreadcrumbList","@id":"https:\/\/upmgspa.fr\/nos-partenaires\/#breadcrumb","itemListElement":[{"@type":"ListItem","position":1,"name":"Accueil","item":"https:\/\/upmgspa.fr\/"},{"@type":"ListItem","position":2,"name":"Nos partenaires"}]},{"@type":"WebSite","@id":"https:\/\/upmgspa.fr\/#website","url":"https:\/\/upmgspa.fr\/","name":"upmgspa.fr","description":"Un pont entre les \u00eatres dans notre r\u00e9gion","publisher":{"@id":"https:\/\/upmgspa.fr\/#organization"},"potentialAction":[{"@type":"SearchAction","target":{"@type":"EntryPoint","urlTemplate":"https:\/\/upmgspa.fr\/?s={search_term_string}"},"query-input":{"@type":"PropertyValueSpecification","valueRequired":true,"valueName":"search_term_string"}}],"inLanguage":"en-US"},{"@type":"Organization","@id":"https:\/\/upmgspa.fr\/#organization","name":"upmgspa.fr","url":"https:\/\/upmgspa.fr\/","logo":{"@type":"ImageObject","inLanguage":"en-US","@id":"https:\/\/upmgspa.fr\/#\/schema\/logo\/image\/","url":"https:\/\/upmgspa.fr\/wp-content\/uploads\/2024\/10\/logo-UPMGSPA.png","contentUrl":"https:\/\/upmgspa.fr\/wp-content\/uploads\/2024\/10\/logo-UPMGSPA.png","width":500,"height":500,"caption":"upmgspa.fr"},"image":{"@id":"https:\/\/upmgspa.fr\/#\/schema\/logo\/image\/"},"sameAs":["https:\/\/www.facebook.com\/upmgspa\/","https:\/\/x.com\/UPMGSPA"]}]}},"_links":{"self":[{"href":"https:\/\/upmgspa.fr\/en\/wp-json\/wp\/v2\/pages\/49","targetHints":{"allow":["GET"]}}],"collection":[{"href":"https:\/\/upmgspa.fr\/en\/wp-json\/wp\/v2\/pages"}],"about":[{"href":"https:\/\/upmgspa.fr\/en\/wp-json\/wp\/v2\/types\/page"}],"author":[{"embeddable":true,"href":"https:\/\/upmgspa.fr\/en\/wp-json\/wp\/v2\/users\/1"}],"replies":[{"embeddable":true,"href":"https:\/\/upmgspa.fr\/en\/wp-json\/wp\/v2\/comments?post=49"}],"version-history":[{"count":5,"href":"https:\/\/upmgspa.fr\/en\/wp-json\/wp\/v2\/pages\/49\/revisions"}],"predecessor-version":[{"id":98,"href":"https:\/\/upmgspa.fr\/en\/wp-json\/wp\/v2\/pages\/49\/revisions\/98"}],"wp:attachment":[{"href":"https:\/\/upmgspa.fr\/en\/wp-json\/wp\/v2\/media?parent=49"}],"curies":[{"name":"wp","href":"https:\/\/api.w.org\/{rel}","templated":true}]}}