{"id":149,"date":"2024-10-06T20:35:30","date_gmt":"2024-10-06T20:35:30","guid":{"rendered":"https:\/\/upmgspa.fr\/?page_id=149"},"modified":"2024-10-07T11:51:44","modified_gmt":"2024-10-07T11:51:44","slug":"mentions-legales","status":"publish","type":"page","link":"https:\/\/upmgspa.fr\/en\/mentions-legales\/","title":{"rendered":"Mentions l\u00e9gales"},"content":{"rendered":"<p>[et_pb_section fb_built=\u00a0\u00bb1&Prime; _builder_version=\u00a0\u00bb4.27.2&Prime; _module_preset=\u00a0\u00bbdefault\u00a0\u00bb hover_enabled=\u00a0\u00bb0&Prime; global_colors_info=\u00a0\u00bb{}\u00a0\u00bb background_color=\u00a0\u00bbrgba(13,23,81,0.57)\u00a0\u00bb sticky_enabled=\u00a0\u00bb0&Prime;][et_pb_row _builder_version=\u00a0\u00bb4.27.2&Prime; _module_preset=\u00a0\u00bbdefault\u00a0\u00bb global_colors_info=\u00a0\u00bb{}\u00a0\u00bb][et_pb_column type=\u00a0\u00bb4_4&Prime; _builder_version=\u00a0\u00bb4.27.2&Prime; _module_preset=\u00a0\u00bbdefault\u00a0\u00bb global_colors_info=\u00a0\u00bb{}\u00a0\u00bb][et_pb_image src=\u00a0\u00bbhttps:\/\/upmgspa.fr\/wp-content\/uploads\/2024\/10\/logo-UPMGSPA.png\u00a0\u00bb alt=\u00a0\u00bbLogo de l&rsquo;Universit\u00e9 populaire M\u00e9diterran\u00e9e des gorges de la Siagne et des Pr\u00e9alpes d&rsquo;azur\u00a0\u00bb title_text=\u00a0\u00bbLogo de l&rsquo;Universit\u00e9 populaire M\u00e9diterran\u00e9e des gorges de la Siagne et des Pr\u00e9alpes d&rsquo;azur\u00a0\u00bb align=\u00a0\u00bbcenter\u00a0\u00bb _builder_version=\u00a0\u00bb4.27.2&Prime; _module_preset=\u00a0\u00bbdefault\u00a0\u00bb global_colors_info=\u00a0\u00bb{}\u00a0\u00bb][\/et_pb_image][et_pb_text _builder_version=\u00a0\u00bb4.27.2&Prime; _module_preset=\u00a0\u00bbdefault\u00a0\u00bb hover_enabled=\u00a0\u00bb0&Prime; global_colors_info=\u00a0\u00bb{}\u00a0\u00bb text_font=\u00a0\u00bb|600|||||||\u00a0\u00bb text_text_color=\u00a0\u00bb#FFFFFF\u00a0\u00bb sticky_enabled=\u00a0\u00bb0&Prime;]<\/p>\n<h1>Mentions l\u00e9gales En vigueur au 06\/10\/2024<\/h1>\n<p>Conform\u00e9ment aux dispositions de la loi n\u00b02004-575 du 21 juin 2004 pour la Confiance en l\u2019\u00e9conomie num\u00e9rique, il est port\u00e9 \u00e0 la connaissance des utilisateurs et visiteurs, ci-apr\u00e8s l&rsquo; \u00ab\u00a0Utilisateur\u00a0\u00bb, du site https:\/\/upmgspa.fr\/, ci-apr\u00e8s le \u00ab\u00a0Site\u00a0\u00bb, les pr\u00e9sentes mentions l\u00e9gales.<\/p>\n<p>La connexion et la navigation sur le Site par l\u2019Utilisateur implique acceptation int\u00e9grale et sans r\u00e9serve des pr\u00e9sentes mentions l\u00e9gales.<\/p>\n<p>Ces derni\u00e8res sont accessibles sur le Site \u00e0 la rubrique \u00ab\u00a0Mentions l\u00e9gales\u00a0\u00bb.<\/p>\n<p>&nbsp;<\/p>\n<h3>\u00c9DITION DU SITE<\/h3>\n<p>L\u2019\u00e9dition et la direction de la publication du Site est assur\u00e9e par Monsieur Michel Mougenot, domicili\u00e9 100 Chemin de Pr\u00e9morel, dont le num\u00e9ro de t\u00e9l\u00e9phone est 0608085282, et l&rsquo;adresse courriel contact-info@upmgspa.fr.<\/p>\n<p>ci-apr\u00e8s l&rsquo;\u00c9diteur\u00a0\u00bb.<\/p>\n<h3>H\u00c9BERGEUR<\/h3>\n<p>L&rsquo;h\u00e9bergeur du Site est la soci\u00e9t\u00e9 Hostinger, dont le si\u00e8ge social est situ\u00e9 au HOSTINGER INTERNATIONAL LTD, 61 Lordou Vironos Street, 6023 Larnaca, Chypre.<\/p>\n<h3>ACC\u00c8S AU SITE<\/h3>\n<p>Le Site est normalement accessible, \u00e0 tout moment, \u00e0 l&rsquo;Utilisateur. Toutefois, l&rsquo;\u00a0\u00c9diteur pourra, \u00e0 tout moment, suspendre, limiter ou interrompre le Site afin de proc\u00e9der, notamment, \u00e0 des mises \u00e0 jour ou des modifications de son contenu. L&rsquo;\u00c9diteur ne pourra en aucun cas \u00eatre tenu responsable des cons\u00e9quences \u00e9ventuelles de cette indisponibilit\u00e9 sur les activit\u00e9s de l&rsquo;Utilisateur.<\/p>\n<p>Toute utilisation, reproduction, diffusion, commercialisation, modification de toute ou partie du Site, sans autorisation expresse de l\u2019\u00c9diteur est prohib\u00e9e et pourra entra\u00eener des actions et poursuites judiciaires telles que pr\u00e9vues par la r\u00e9glementation en vigueur.<\/p>\n<p>Pour plus d\u2019informations, se reporter \u00e0 la source \u00ab\u00a0Politique de confidentialit\u00e9\u00a0\u00bb du site https:\/\/upmgspa.fr\/ accessible \u00e0 la rubrique \u00ab\u00a0https:\/\/upmgspa.fr\/politique-de-confidentialite\/\u00a0\u00bb .<\/p>\n<p>[\/et_pb_text][\/et_pb_column][\/et_pb_row][\/et_pb_section]<\/p>\n","protected":false},"excerpt":{"rendered":"<p>Mentions l\u00e9gales En vigueur au 06\/10\/2024 Conform\u00e9ment aux dispositions de la loi n\u00b02004-575 du 21 juin 2004 pour la Confiance en l\u2019\u00e9conomie num\u00e9rique, il est port\u00e9 \u00e0 la connaissance des utilisateurs et visiteurs, ci-apr\u00e8s l&rsquo; \u00ab\u00a0Utilisateur\u00a0\u00bb, du site https:\/\/upmgspa.fr\/, ci-apr\u00e8s le \u00ab\u00a0Site\u00a0\u00bb, les pr\u00e9sentes mentions l\u00e9gales. La connexion et la navigation sur le Site par l\u2019Utilisateur implique acceptation int\u00e9grale et sans r\u00e9serve des pr\u00e9sentes mentions l\u00e9gales. Ces derni\u00e8res sont accessibles sur le Site \u00e0 la rubrique \u00ab\u00a0Mentions l\u00e9gales\u00a0\u00bb. &nbsp; \u00c9DITION DU SITE L\u2019\u00e9dition et la direction de la publication du Site est assur\u00e9e par Monsieur Michel Mougenot, domicili\u00e9 100 Chemin de Pr\u00e9morel, dont le num\u00e9ro de t\u00e9l\u00e9phone est 0608085282, et l&rsquo;adresse courriel contact-info@upmgspa.fr. ci-apr\u00e8s l&rsquo;\u00c9diteur\u00a0\u00bb. H\u00c9BERGEUR L&rsquo;h\u00e9bergeur du Site est la soci\u00e9t\u00e9 Hostinger, dont le si\u00e8ge social est situ\u00e9 au HOSTINGER INTERNATIONAL LTD, 61 Lordou Vironos Street, 6023 Larnaca, Chypre. ACC\u00c8S AU SITE Le Site est normalement accessible, \u00e0 tout moment, \u00e0 l&rsquo;Utilisateur. Toutefois, l&rsquo;\u00a0\u00c9diteur pourra, \u00e0 tout moment, suspendre, limiter ou interrompre le Site afin de proc\u00e9der, notamment, \u00e0 des mises \u00e0 jour ou des modifications de son contenu. L&rsquo;\u00c9diteur ne pourra en aucun cas \u00eatre tenu responsable des cons\u00e9quences \u00e9ventuelles de cette indisponibilit\u00e9 sur les activit\u00e9s de l&rsquo;Utilisateur. [&hellip;]<\/p>\n","protected":false},"author":1,"featured_media":0,"parent":0,"menu_order":0,"comment_status":"closed","ping_status":"closed","template":"","meta":{"_et_pb_use_builder":"on","_et_pb_old_content":"","_et_gb_content_width":"","footnotes":""},"class_list":["post-149","page","type-page","status-publish","hentry"],"yoast_head":"<!-- This site is optimized with the Yoast SEO plugin v27.2 - https:\/\/yoast.com\/product\/yoast-seo-wordpress\/ -->\n<title>Mentions l\u00e9gales - upmgspa.fr<\/title>\n<meta name=\"robots\" content=\"index, follow, max-snippet:-1, max-image-preview:large, max-video-preview:-1\" \/>\n<link rel=\"canonical\" href=\"https:\/\/upmgspa.fr\/en\/mentions-legales\/\" \/>\n<meta property=\"og:locale\" content=\"en_US\" \/>\n<meta property=\"og:type\" content=\"article\" \/>\n<meta property=\"og:title\" content=\"Mentions l\u00e9gales - upmgspa.fr\" \/>\n<meta property=\"og:description\" content=\"Mentions l\u00e9gales En vigueur au 06\/10\/2024 Conform\u00e9ment aux dispositions de la loi n\u00b02004-575 du 21 juin 2004 pour la Confiance en l\u2019\u00e9conomie num\u00e9rique, il est port\u00e9 \u00e0 la connaissance des utilisateurs et visiteurs, ci-apr\u00e8s l&#039; &quot;Utilisateur&quot;, du site https:\/\/upmgspa.fr\/, ci-apr\u00e8s le &quot;Site&quot;, les pr\u00e9sentes mentions l\u00e9gales. La connexion et la navigation sur le Site par l\u2019Utilisateur implique acceptation int\u00e9grale et sans r\u00e9serve des pr\u00e9sentes mentions l\u00e9gales. Ces derni\u00e8res sont accessibles sur le Site \u00e0 la rubrique &quot;Mentions l\u00e9gales&quot;. &nbsp; \u00c9DITION DU SITE L\u2019\u00e9dition et la direction de la publication du Site est assur\u00e9e par Monsieur Michel Mougenot, domicili\u00e9 100 Chemin de Pr\u00e9morel, dont le num\u00e9ro de t\u00e9l\u00e9phone est 0608085282, et l&#039;adresse courriel contact-info@upmgspa.fr. ci-apr\u00e8s l&#039;\u00c9diteur&quot;. H\u00c9BERGEUR L&#039;h\u00e9bergeur du Site est la soci\u00e9t\u00e9 Hostinger, dont le si\u00e8ge social est situ\u00e9 au HOSTINGER INTERNATIONAL LTD, 61 Lordou Vironos Street, 6023 Larnaca, Chypre. ACC\u00c8S AU SITE Le Site est normalement accessible, \u00e0 tout moment, \u00e0 l&#039;Utilisateur. Toutefois, l&#039;\u00a0\u00c9diteur pourra, \u00e0 tout moment, suspendre, limiter ou interrompre le Site afin de proc\u00e9der, notamment, \u00e0 des mises \u00e0 jour ou des modifications de son contenu. L&#039;\u00c9diteur ne pourra en aucun cas \u00eatre tenu responsable des cons\u00e9quences \u00e9ventuelles de cette indisponibilit\u00e9 sur les activit\u00e9s de l&#039;Utilisateur. [&hellip;]\" \/>\n<meta property=\"og:url\" content=\"https:\/\/upmgspa.fr\/en\/mentions-legales\/\" \/>\n<meta property=\"og:site_name\" content=\"upmgspa.fr\" \/>\n<meta property=\"article:publisher\" content=\"https:\/\/www.facebook.com\/upmgspa\/\" \/>\n<meta property=\"article:modified_time\" content=\"2024-10-07T11:51:44+00:00\" \/>\n<meta name=\"twitter:card\" content=\"summary_large_image\" \/>\n<meta name=\"twitter:site\" content=\"@UPMGSPA\" \/>\n<meta name=\"twitter:label1\" content=\"Est. reading time\" \/>\n\t<meta name=\"twitter:data1\" content=\"2 minutes\" \/>\n<script type=\"application\/ld+json\" class=\"yoast-schema-graph\">{\"@context\":\"https:\/\/schema.org\",\"@graph\":[{\"@type\":\"WebPage\",\"@id\":\"https:\/\/upmgspa.fr\/mentions-legales\/\",\"url\":\"https:\/\/upmgspa.fr\/mentions-legales\/\",\"name\":\"Mentions l\u00e9gales - upmgspa.fr\",\"isPartOf\":{\"@id\":\"https:\/\/upmgspa.fr\/#website\"},\"datePublished\":\"2024-10-06T20:35:30+00:00\",\"dateModified\":\"2024-10-07T11:51:44+00:00\",\"breadcrumb\":{\"@id\":\"https:\/\/upmgspa.fr\/mentions-legales\/#breadcrumb\"},\"inLanguage\":\"en-US\",\"potentialAction\":[{\"@type\":\"ReadAction\",\"target\":[\"https:\/\/upmgspa.fr\/mentions-legales\/\"]}]},{\"@type\":\"BreadcrumbList\",\"@id\":\"https:\/\/upmgspa.fr\/mentions-legales\/#breadcrumb\",\"itemListElement\":[{\"@type\":\"ListItem\",\"position\":1,\"name\":\"Accueil\",\"item\":\"https:\/\/upmgspa.fr\/\"},{\"@type\":\"ListItem\",\"position\":2,\"name\":\"Mentions l\u00e9gales\"}]},{\"@type\":\"WebSite\",\"@id\":\"https:\/\/upmgspa.fr\/#website\",\"url\":\"https:\/\/upmgspa.fr\/\",\"name\":\"upmgspa.fr\",\"description\":\"Un pont entre les \u00eatres dans notre r\u00e9gion\",\"publisher\":{\"@id\":\"https:\/\/upmgspa.fr\/#organization\"},\"potentialAction\":[{\"@type\":\"SearchAction\",\"target\":{\"@type\":\"EntryPoint\",\"urlTemplate\":\"https:\/\/upmgspa.fr\/?s={search_term_string}\"},\"query-input\":{\"@type\":\"PropertyValueSpecification\",\"valueRequired\":true,\"valueName\":\"search_term_string\"}}],\"inLanguage\":\"en-US\"},{\"@type\":\"Organization\",\"@id\":\"https:\/\/upmgspa.fr\/#organization\",\"name\":\"upmgspa.fr\",\"url\":\"https:\/\/upmgspa.fr\/\",\"logo\":{\"@type\":\"ImageObject\",\"inLanguage\":\"en-US\",\"@id\":\"https:\/\/upmgspa.fr\/#\/schema\/logo\/image\/\",\"url\":\"https:\/\/upmgspa.fr\/wp-content\/uploads\/2024\/10\/logo-UPMGSPA.png\",\"contentUrl\":\"https:\/\/upmgspa.fr\/wp-content\/uploads\/2024\/10\/logo-UPMGSPA.png\",\"width\":500,\"height\":500,\"caption\":\"upmgspa.fr\"},\"image\":{\"@id\":\"https:\/\/upmgspa.fr\/#\/schema\/logo\/image\/\"},\"sameAs\":[\"https:\/\/www.facebook.com\/upmgspa\/\",\"https:\/\/x.com\/UPMGSPA\"]}]}<\/script>\n<!-- \/ Yoast SEO plugin. -->","yoast_head_json":{"title":"Mentions l\u00e9gales - upmgspa.fr","robots":{"index":"index","follow":"follow","max-snippet":"max-snippet:-1","max-image-preview":"max-image-preview:large","max-video-preview":"max-video-preview:-1"},"canonical":"https:\/\/upmgspa.fr\/en\/mentions-legales\/","og_locale":"en_US","og_type":"article","og_title":"Mentions l\u00e9gales - upmgspa.fr","og_description":"Mentions l\u00e9gales En vigueur au 06\/10\/2024 Conform\u00e9ment aux dispositions de la loi n\u00b02004-575 du 21 juin 2004 pour la Confiance en l\u2019\u00e9conomie num\u00e9rique, il est port\u00e9 \u00e0 la connaissance des utilisateurs et visiteurs, ci-apr\u00e8s l' \"Utilisateur\", du site https:\/\/upmgspa.fr\/, ci-apr\u00e8s le \"Site\", les pr\u00e9sentes mentions l\u00e9gales. La connexion et la navigation sur le Site par l\u2019Utilisateur implique acceptation int\u00e9grale et sans r\u00e9serve des pr\u00e9sentes mentions l\u00e9gales. Ces derni\u00e8res sont accessibles sur le Site \u00e0 la rubrique \"Mentions l\u00e9gales\". &nbsp; \u00c9DITION DU SITE L\u2019\u00e9dition et la direction de la publication du Site est assur\u00e9e par Monsieur Michel Mougenot, domicili\u00e9 100 Chemin de Pr\u00e9morel, dont le num\u00e9ro de t\u00e9l\u00e9phone est 0608085282, et l'adresse courriel contact-info@upmgspa.fr. ci-apr\u00e8s l'\u00c9diteur\". H\u00c9BERGEUR L'h\u00e9bergeur du Site est la soci\u00e9t\u00e9 Hostinger, dont le si\u00e8ge social est situ\u00e9 au HOSTINGER INTERNATIONAL LTD, 61 Lordou Vironos Street, 6023 Larnaca, Chypre. ACC\u00c8S AU SITE Le Site est normalement accessible, \u00e0 tout moment, \u00e0 l'Utilisateur. Toutefois, l'\u00a0\u00c9diteur pourra, \u00e0 tout moment, suspendre, limiter ou interrompre le Site afin de proc\u00e9der, notamment, \u00e0 des mises \u00e0 jour ou des modifications de son contenu. L'\u00c9diteur ne pourra en aucun cas \u00eatre tenu responsable des cons\u00e9quences \u00e9ventuelles de cette indisponibilit\u00e9 sur les activit\u00e9s de l'Utilisateur. [&hellip;]","og_url":"https:\/\/upmgspa.fr\/en\/mentions-legales\/","og_site_name":"upmgspa.fr","article_publisher":"https:\/\/www.facebook.com\/upmgspa\/","article_modified_time":"2024-10-07T11:51:44+00:00","twitter_card":"summary_large_image","twitter_site":"@UPMGSPA","twitter_misc":{"Est. reading time":"2 minutes"},"schema":{"@context":"https:\/\/schema.org","@graph":[{"@type":"WebPage","@id":"https:\/\/upmgspa.fr\/mentions-legales\/","url":"https:\/\/upmgspa.fr\/mentions-legales\/","name":"Mentions l\u00e9gales - upmgspa.fr","isPartOf":{"@id":"https:\/\/upmgspa.fr\/#website"},"datePublished":"2024-10-06T20:35:30+00:00","dateModified":"2024-10-07T11:51:44+00:00","breadcrumb":{"@id":"https:\/\/upmgspa.fr\/mentions-legales\/#breadcrumb"},"inLanguage":"en-US","potentialAction":[{"@type":"ReadAction","target":["https:\/\/upmgspa.fr\/mentions-legales\/"]}]},{"@type":"BreadcrumbList","@id":"https:\/\/upmgspa.fr\/mentions-legales\/#breadcrumb","itemListElement":[{"@type":"ListItem","position":1,"name":"Accueil","item":"https:\/\/upmgspa.fr\/"},{"@type":"ListItem","position":2,"name":"Mentions l\u00e9gales"}]},{"@type":"WebSite","@id":"https:\/\/upmgspa.fr\/#website","url":"https:\/\/upmgspa.fr\/","name":"upmgspa.fr","description":"Un pont entre les \u00eatres dans notre r\u00e9gion","publisher":{"@id":"https:\/\/upmgspa.fr\/#organization"},"potentialAction":[{"@type":"SearchAction","target":{"@type":"EntryPoint","urlTemplate":"https:\/\/upmgspa.fr\/?s={search_term_string}"},"query-input":{"@type":"PropertyValueSpecification","valueRequired":true,"valueName":"search_term_string"}}],"inLanguage":"en-US"},{"@type":"Organization","@id":"https:\/\/upmgspa.fr\/#organization","name":"upmgspa.fr","url":"https:\/\/upmgspa.fr\/","logo":{"@type":"ImageObject","inLanguage":"en-US","@id":"https:\/\/upmgspa.fr\/#\/schema\/logo\/image\/","url":"https:\/\/upmgspa.fr\/wp-content\/uploads\/2024\/10\/logo-UPMGSPA.png","contentUrl":"https:\/\/upmgspa.fr\/wp-content\/uploads\/2024\/10\/logo-UPMGSPA.png","width":500,"height":500,"caption":"upmgspa.fr"},"image":{"@id":"https:\/\/upmgspa.fr\/#\/schema\/logo\/image\/"},"sameAs":["https:\/\/www.facebook.com\/upmgspa\/","https:\/\/x.com\/UPMGSPA"]}]}},"_links":{"self":[{"href":"https:\/\/upmgspa.fr\/en\/wp-json\/wp\/v2\/pages\/149","targetHints":{"allow":["GET"]}}],"collection":[{"href":"https:\/\/upmgspa.fr\/en\/wp-json\/wp\/v2\/pages"}],"about":[{"href":"https:\/\/upmgspa.fr\/en\/wp-json\/wp\/v2\/types\/page"}],"author":[{"embeddable":true,"href":"https:\/\/upmgspa.fr\/en\/wp-json\/wp\/v2\/users\/1"}],"replies":[{"embeddable":true,"href":"https:\/\/upmgspa.fr\/en\/wp-json\/wp\/v2\/comments?post=149"}],"version-history":[{"count":3,"href":"https:\/\/upmgspa.fr\/en\/wp-json\/wp\/v2\/pages\/149\/revisions"}],"predecessor-version":[{"id":171,"href":"https:\/\/upmgspa.fr\/en\/wp-json\/wp\/v2\/pages\/149\/revisions\/171"}],"wp:attachment":[{"href":"https:\/\/upmgspa.fr\/en\/wp-json\/wp\/v2\/media?parent=149"}],"curies":[{"name":"wp","href":"https:\/\/api.w.org\/{rel}","templated":true}]}}