{"id":135,"date":"2024-10-06T20:00:32","date_gmt":"2024-10-06T20:00:32","guid":{"rendered":"https:\/\/upmgspa.fr\/?page_id=135"},"modified":"2026-01-31T18:26:26","modified_gmt":"2026-01-31T18:26:26","slug":"conditions-generales-dutilisation","status":"publish","type":"page","link":"https:\/\/upmgspa.fr\/en\/conditions-generales-dutilisation\/","title":{"rendered":"Conditions g\u00e9n\u00e9rales d&rsquo;utilisation"},"content":{"rendered":"<p>[et_pb_section fb_built=\u00a0\u00bb1&Prime; _builder_version=\u00a0\u00bb4.27.2&Prime; _module_preset=\u00a0\u00bbdefault\u00a0\u00bb background_color=\u00a0\u00bbrgba(13,23,81,0.57)\u00a0\u00bb global_colors_info=\u00a0\u00bb{}\u00a0\u00bb][et_pb_row _builder_version=\u00a0\u00bb4.27.2&Prime; _module_preset=\u00a0\u00bbdefault\u00a0\u00bb background_enable_color=\u00a0\u00bboff\u00a0\u00bb global_colors_info=\u00a0\u00bb{}\u00a0\u00bb][et_pb_column type=\u00a0\u00bb4_4&Prime; _builder_version=\u00a0\u00bb4.27.2&Prime; _module_preset=\u00a0\u00bbdefault\u00a0\u00bb global_colors_info=\u00a0\u00bb{}\u00a0\u00bb][et_pb_image src=\u00a0\u00bbhttps:\/\/upmgspa.fr\/wp-content\/uploads\/2024\/10\/logo-UPMGSPA.png\u00a0\u00bb alt=\u00a0\u00bbLogo de l&rsquo;Universit\u00e9 populaire M\u00e9diterran\u00e9e des gorges de la Siagne et des Pr\u00e9alpes d&rsquo;azur\u00a0\u00bb title_text=\u00a0\u00bbLogo de l&rsquo;Universit\u00e9 populaire M\u00e9diterran\u00e9e des gorges de la Siagne et des Pr\u00e9alpes d&rsquo;azur\u00a0\u00bb align=\u00a0\u00bbcenter\u00a0\u00bb _builder_version=\u00a0\u00bb4.27.2&Prime; _module_preset=\u00a0\u00bbdefault\u00a0\u00bb global_colors_info=\u00a0\u00bb{}\u00a0\u00bb][\/et_pb_image][et_pb_text _builder_version=\u00a0\u00bb4.27.2&Prime; _module_preset=\u00a0\u00bbdefault\u00a0\u00bb text_font=\u00a0\u00bb|600|||||||\u00a0\u00bb text_text_color=\u00a0\u00bb#FFFFFF\u00a0\u00bb global_colors_info=\u00a0\u00bb{}\u00a0\u00bb]<\/p>\n<h1>Conditions g\u00e9n\u00e9rales d\u2019utilisation du site\u00a0Universit\u00e9 populaire M\u00e9diterran\u00e9e des gorges de la Siagne et des Pr\u00e9alpes d\u2019Azur<\/h1>\n<p>&nbsp;<\/p>\n<h3>Article 1\u00a0: Objet<\/h3>\n<p>Les pr\u00e9sentes CGU ou Conditions G\u00e9n\u00e9rales d\u2019Utilisation encadrent juridiquement l\u2019utilisation des services du site https:\/\/upmgspa.fr\/ (ci-apr\u00e8s d\u00e9nomm\u00e9 \u00ab\u00a0le site\u00a0\u00bb).<br \/>Constituant le contrat entre l\u2019association Universit\u00e9 populaire M\u00e9diterran\u00e9e des gorges de la Siagne et des Pr\u00e9alpes d\u2019Azur, l\u2019Utilisateur, l\u2019acc\u00e8s au site doit \u00eatre pr\u00e9c\u00e9d\u00e9 de l\u2019acceptation de ces CGU. L\u2019acc\u00e8s \u00e0 cette plateforme signifie l\u2019acceptation des pr\u00e9sentes CGU.<\/p>\n<h3>Article 2\u00a0:\u00a0Mentions l\u00e9gales<\/h3>\n<p>L\u2019\u00e9dition du site Universit\u00e9 populaire M\u00e9diterran\u00e9e des gorges de la Siagne et des Pr\u00e9alpes d\u2019Azur est assur\u00e9e par l\u2019association Universit\u00e9 populaire M\u00e9diterran\u00e9e des gorges de la Siagne et des Pr\u00e9alpes d\u2019Azur, dont le si\u00e8ge social est localis\u00e9 au 100 chemin de premorel 06530 Saint-C\u00e9zaire-sur-Siagne, France M\u00e9tropolitaine.<br \/>L\u2019h\u00e9bergeur du site https:\/\/upmgspa.fr\/ est h\u00e9berg\u00e9 par :<br \/>Hostinger<br \/>Le si\u00e8ge d\u2019Hostinger est situ\u00e9 \u00e0 Kaunas, en Lituanie, et dispose de plusieurs bureaux dans diff\u00e9rentes r\u00e9gions. Pour contacter l\u2019\u00e9quipe Hostinger par @ : support@hostinger.com<\/p>\n<h3>Article 3\u00a0: Acc\u00e8s au site<\/h3>\n<p>Le site Universit\u00e9 populaire M\u00e9diterran\u00e9e des gorges de la Siagne et des Pr\u00e9alpes d\u2019Azur permet d\u2019acc\u00e9der gratuitement aux informations g\u00e9n\u00e9rales concernant les activit\u00e9s de l\u2019UPMGSPA<br \/>Le site est accessible gratuitement depuis n\u2019importe o\u00f9 par tout utilisateur disposant d\u2019un acc\u00e8s \u00e0 Internet. Tous les frais n\u00e9cessaires pour l\u2019acc\u00e8s aux services (mat\u00e9riel informatique, connexion Internet\u2026) sont \u00e0 la charge de l\u2019utilisateur.<br \/>L\u2019acc\u00e8s aux services d\u00e9di\u00e9s aux membres s\u2019effectue \u00e0 l\u2019aide d\u2019un identifiant et d\u2019un mot de passe.<br \/>Pour des raisons de maintenance ou autres, l\u2019acc\u00e8s au site peut \u00eatre interrompu ou suspendu par l\u2019\u00e9diteur sans pr\u00e9avis ni justification.<\/p>\n<h3>Article 4\u00a0: Collecte des donn\u00e9es<\/h3>\n<p>Pour la cr\u00e9ation du compte de l\u2019Utilisateur, la collecte des informations au moment de l\u2019inscription sur le site est n\u00e9cessaire et obligatoire. Conform\u00e9ment \u00e0 la loi n\u00b078-17 du 6 janvier relative \u00e0 l\u2019informatique, aux fichiers et aux libert\u00e9s, la collecte et le traitement d\u2019informations personnelles s\u2019effectuent dans le respect de la vie priv\u00e9e.<br \/>Suivant la loi Informatique et Libert\u00e9s en date du 6 janvier 1978, articles 39 et 40, l\u2019Utilisateur dispose du droit d\u2019acc\u00e9der, de rectifier, de supprimer et d\u2019opposer ses donn\u00e9es personnelles. L\u2019exercice de ce droit s\u2019effectue par\u00a0:<br \/>\u2022 Le formulaire de contact\u00a0;<br \/>\u2022 Son espace client.<\/p>\n<h3>Article 5\u00a0: Propri\u00e9t\u00e9 intellectuelle<\/h3>\n<p>Les marques, logos ainsi que les contenus du site Universit\u00e9 populaire M\u00e9diterran\u00e9e des gorges de la Siagne et des Pr\u00e9alpes d\u2019Azur (illustrations graphiques, textes\u2026) sont prot\u00e9g\u00e9s par le Code de la propri\u00e9t\u00e9 intellectuelle et par le droit d\u2019auteur.<br \/>La reproduction et la copie des contenus par l\u2019Utilisateur requi\u00e8rent une autorisation pr\u00e9alable du site. Dans ce cas, toute utilisation \u00e0 des usages commerciaux ou \u00e0 des fins publicitaires est proscrite.<\/p>\n<h3>Article 6\u00a0: Responsabilit\u00e9<\/h3>\n<p>Bien que les informations publi\u00e9es sur le site soient r\u00e9put\u00e9es fiables, le site se r\u00e9serve la facult\u00e9 d\u2019une non-garantie de la fiabilit\u00e9 des sources.<br \/>Les informations diffus\u00e9es sur le site Universit\u00e9 populaire M\u00e9diterran\u00e9e des gorges de la Siagne et des Pr\u00e9alpes d\u2019Azur sont pr\u00e9sent\u00e9es \u00e0 titre purement informatif et sont sans valeur contractuelle. En d\u00e9pit des mises \u00e0 jour r\u00e9guli\u00e8res, la responsabilit\u00e9 du site ne peut \u00eatre engag\u00e9e en cas de modification des dispositions administratives et juridiques apparaissant apr\u00e8s la publication. Il en est de m\u00eame pour l\u2019utilisation et l\u2019interpr\u00e9tation des informations communiqu\u00e9es sur la plateforme.<br \/>Le site d\u00e9cline toute responsabilit\u00e9 concernant les \u00e9ventuels virus pouvant infecter le mat\u00e9riel informatique de l\u2019Utilisateur apr\u00e8s l\u2019utilisation ou l\u2019acc\u00e8s \u00e0 ce site.<br \/>Le site ne peut \u00eatre tenu pour responsable en cas de force majeure ou du fait impr\u00e9visible et insurmontable d\u2019un tiers.<br \/>La garantie totale de la s\u00e9curit\u00e9 et la confidentialit\u00e9 des donn\u00e9es n\u2019est pas assur\u00e9e par le site. Cependant, le site s\u2019engage \u00e0 mettre en \u0153uvre toutes les m\u00e9thodes requises pour le faire au mieux.<\/p>\n<h3>Article 7\u00a0: Liens hypertextes<\/h3>\n<p>Le site peut \u00eatre constitu\u00e9 de liens hypertextes. En cliquant sur ces derniers, l\u2019Utilisateur sortira de la plateforme. Cette derni\u00e8re n\u2019a pas de contr\u00f4le et ne peut pas \u00eatre tenue responsable du contenu des pages web relatives \u00e0 ces liens.<\/p>\n<h3>Article 8\u00a0: Cookies<\/h3>\n<p>Lors des visites sur le site, l\u2019installation automatique d\u2019un cookie sur le logiciel de navigation de l\u2019Utilisateur peut survenir.<br \/>Les cookies correspondent \u00e0 de petits fichiers d\u00e9pos\u00e9s temporairement sur le disque dur de l\u2019ordinateur de l\u2019Utilisateur. Ces cookies sont n\u00e9cessaires pour assurer l\u2019accessibilit\u00e9 et la navigation sur le site. Ces fichiers ne comportent pas d\u2019informations personnelles et ne peuvent pas \u00eatre utilis\u00e9s pour l\u2019identification d\u2019une personne.<br \/>L\u2019information pr\u00e9sente dans les cookies est utilis\u00e9e pour am\u00e9liorer les performances de navigation sur le site Universit\u00e9 populaire M\u00e9diterran\u00e9e des gorges de la Siagne et des Pr\u00e9alpes d\u2019Azur<br \/>En naviguant sur le site, l\u2019Utilisateur accepte les cookies. Leur d\u00e9sactivation peut s\u2019effectuer via les param\u00e8tres du logiciel de navigation.<\/p>\n<h3>Article 9\u00a0: Publication par l\u2019Utilisateur<\/h3>\n<p>Le site Universit\u00e9 populaire M\u00e9diterran\u00e9e des gorges de la Siagne et des Pr\u00e9alpes d\u2019Azur permet aux membres de publier des commentaires.<br \/>Dans ses publications, le membre est tenu de respecter les r\u00e8gles de la Netiquette ainsi que les r\u00e8gles de droit en vigueur.<br \/>Le site dispose du droit d\u2019exercer une mod\u00e9ration \u00e0 priori sur les publications et peut refuser leur mise en ligne sans avoir \u00e0 fournir de justification.<br \/>Le membre garde l\u2019int\u00e9gralit\u00e9 de ses droits de propri\u00e9t\u00e9 intellectuelle. Toutefois, toute publication sur le site implique la d\u00e9l\u00e9gation du droit non exclusif et gratuit \u00e0 la soci\u00e9t\u00e9 \u00e9ditrice de repr\u00e9senter, reproduire, modifier, adapter, distribuer et diffuser la publication n\u2019importe o\u00f9 et sur n\u2019importe quel support pour la dur\u00e9e de la propri\u00e9t\u00e9 intellectuelle. Cela peut se faire directement ou par l\u2019interm\u00e9diaire d\u2019un tiers autoris\u00e9. Cela concerne notamment le droit d\u2019utilisation de la publication sur le web et sur les r\u00e9seaux de t\u00e9l\u00e9phonie mobile.<br \/>\u00c0 chaque utilisation, l\u2019\u00e9diteur s\u2019engage \u00e0 mentionner le nom du membre \u00e0 proximit\u00e9 de la publication.<br \/>L\u2019Utilisateur est tenu responsable de tout contenu qu\u2019il met en ligne. L\u2019Utilisateur s\u2019engage \u00e0 ne pas publier de contenus susceptibles de porter atteinte aux int\u00e9r\u00eats de tierces personnes. Toutes proc\u00e9dures engag\u00e9es en justice par un tiers l\u00e9s\u00e9 \u00e0 l\u2019encontre du site devront \u00eatre prises en charge par l\u2019Utilisateur.<br \/>La suppression ou la modification par le site du contenu de l\u2019Utilisateur peut s\u2019effectuer \u00e0 tout moment, pour n\u2019importe quelle raison et sans pr\u00e9avis.<\/p>\n<h3>Article 10 : Dur\u00e9e du contrat<\/h3>\n<p>Le pr\u00e9sent contrat est valable pour une dur\u00e9e ind\u00e9termin\u00e9e. Le d\u00e9but de l\u2019utilisation des services du site marque l\u2019application du contrat \u00e0 l\u2019\u00e9gard de l\u2019Utilisateur.<\/p>\n<h3>Article 11 : Droit applicable et juridiction comp\u00e9tente<\/h3>\n<p>Le pr\u00e9sent contrat est soumis \u00e0 la l\u00e9gislation fran\u00e7aise. L\u2019absence de r\u00e9solution \u00e0 l\u2019amiable des cas de litige entre les parties implique le recours aux tribunaux fran\u00e7ais comp\u00e9tents pour r\u00e9gler le contentieux.<\/p>\n<p>&nbsp;<\/p>\n<h4 style=\"text-align: center;\"><a href=\"https:\/\/upmgspa.fr\/politique-de-confidentialite\/\" target=\"_blank\" rel=\"noopener\">Cliquer ici Pour consulter notre politique de confidentialit\u00e9\u00a0<\/a><\/h4>\n<p>[\/et_pb_text][\/et_pb_column][\/et_pb_row][\/et_pb_section]<\/p>\n","protected":false},"excerpt":{"rendered":"<p>Conditions g\u00e9n\u00e9rales d\u2019utilisation du site\u00a0Universit\u00e9 populaire M\u00e9diterran\u00e9e des gorges de la Siagne et des Pr\u00e9alpes d\u2019Azur &nbsp; Article 1\u00a0: Objet Les pr\u00e9sentes CGU ou Conditions G\u00e9n\u00e9rales d\u2019Utilisation encadrent juridiquement l\u2019utilisation des services du site https:\/\/upmgspa.fr\/ (ci-apr\u00e8s d\u00e9nomm\u00e9 \u00ab\u00a0le site\u00a0\u00bb).Constituant le contrat entre l\u2019association Universit\u00e9 populaire M\u00e9diterran\u00e9e des gorges de la Siagne et des Pr\u00e9alpes d\u2019Azur, l\u2019Utilisateur, l\u2019acc\u00e8s au site doit \u00eatre pr\u00e9c\u00e9d\u00e9 de l\u2019acceptation de ces CGU. L\u2019acc\u00e8s \u00e0 cette plateforme signifie l\u2019acceptation des pr\u00e9sentes CGU. Article 2\u00a0:\u00a0Mentions l\u00e9gales L\u2019\u00e9dition du site Universit\u00e9 populaire M\u00e9diterran\u00e9e des gorges de la Siagne et des Pr\u00e9alpes d\u2019Azur est assur\u00e9e par l\u2019association Universit\u00e9 populaire M\u00e9diterran\u00e9e des gorges de la Siagne et des Pr\u00e9alpes d\u2019Azur, dont le si\u00e8ge social est localis\u00e9 au 100 chemin de premorel 06530 Saint-C\u00e9zaire-sur-Siagne, France M\u00e9tropolitaine.L\u2019h\u00e9bergeur du site https:\/\/upmgspa.fr\/ est h\u00e9berg\u00e9 par :HostingerLe si\u00e8ge d\u2019Hostinger est situ\u00e9 \u00e0 Kaunas, en Lituanie, et dispose de plusieurs bureaux dans diff\u00e9rentes r\u00e9gions. Pour contacter l\u2019\u00e9quipe Hostinger par @ : support@hostinger.com Article 3\u00a0: Acc\u00e8s au site Le site Universit\u00e9 populaire M\u00e9diterran\u00e9e des gorges de la Siagne et des Pr\u00e9alpes d\u2019Azur permet d\u2019acc\u00e9der gratuitement aux informations g\u00e9n\u00e9rales concernant les activit\u00e9s de l\u2019UPMGSPALe site est accessible gratuitement depuis n\u2019importe o\u00f9 par tout utilisateur disposant d\u2019un acc\u00e8s \u00e0 [&hellip;]<\/p>\n","protected":false},"author":1,"featured_media":0,"parent":0,"menu_order":0,"comment_status":"closed","ping_status":"closed","template":"","meta":{"_et_pb_use_builder":"on","_et_pb_old_content":"","_et_gb_content_width":"","footnotes":""},"class_list":["post-135","page","type-page","status-publish","hentry"],"yoast_head":"<!-- This site is optimized with the Yoast SEO plugin v27.2 - https:\/\/yoast.com\/product\/yoast-seo-wordpress\/ -->\n<title>Conditions g\u00e9n\u00e9rales d&#039;utilisation - upmgspa.fr<\/title>\n<meta name=\"robots\" content=\"index, follow, max-snippet:-1, max-image-preview:large, max-video-preview:-1\" \/>\n<link rel=\"canonical\" href=\"https:\/\/upmgspa.fr\/en\/conditions-generales-dutilisation\/\" \/>\n<meta property=\"og:locale\" content=\"en_US\" \/>\n<meta property=\"og:type\" content=\"article\" \/>\n<meta property=\"og:title\" content=\"Conditions g\u00e9n\u00e9rales d&#039;utilisation - upmgspa.fr\" \/>\n<meta property=\"og:description\" content=\"Conditions g\u00e9n\u00e9rales d\u2019utilisation du site\u00a0Universit\u00e9 populaire M\u00e9diterran\u00e9e des gorges de la Siagne et des Pr\u00e9alpes d\u2019Azur &nbsp; Article 1\u00a0: Objet Les pr\u00e9sentes CGU ou Conditions G\u00e9n\u00e9rales d\u2019Utilisation encadrent juridiquement l\u2019utilisation des services du site https:\/\/upmgspa.fr\/ (ci-apr\u00e8s d\u00e9nomm\u00e9 \u00ab\u00a0le site\u00a0\u00bb).Constituant le contrat entre l\u2019association Universit\u00e9 populaire M\u00e9diterran\u00e9e des gorges de la Siagne et des Pr\u00e9alpes d\u2019Azur, l\u2019Utilisateur, l\u2019acc\u00e8s au site doit \u00eatre pr\u00e9c\u00e9d\u00e9 de l\u2019acceptation de ces CGU. L\u2019acc\u00e8s \u00e0 cette plateforme signifie l\u2019acceptation des pr\u00e9sentes CGU. Article 2\u00a0:\u00a0Mentions l\u00e9gales L\u2019\u00e9dition du site Universit\u00e9 populaire M\u00e9diterran\u00e9e des gorges de la Siagne et des Pr\u00e9alpes d\u2019Azur est assur\u00e9e par l\u2019association Universit\u00e9 populaire M\u00e9diterran\u00e9e des gorges de la Siagne et des Pr\u00e9alpes d\u2019Azur, dont le si\u00e8ge social est localis\u00e9 au 100 chemin de premorel 06530 Saint-C\u00e9zaire-sur-Siagne, France M\u00e9tropolitaine.L\u2019h\u00e9bergeur du site https:\/\/upmgspa.fr\/ est h\u00e9berg\u00e9 par :HostingerLe si\u00e8ge d\u2019Hostinger est situ\u00e9 \u00e0 Kaunas, en Lituanie, et dispose de plusieurs bureaux dans diff\u00e9rentes r\u00e9gions. Pour contacter l\u2019\u00e9quipe Hostinger par @ : support@hostinger.com Article 3\u00a0: Acc\u00e8s au site Le site Universit\u00e9 populaire M\u00e9diterran\u00e9e des gorges de la Siagne et des Pr\u00e9alpes d\u2019Azur permet d\u2019acc\u00e9der gratuitement aux informations g\u00e9n\u00e9rales concernant les activit\u00e9s de l\u2019UPMGSPALe site est accessible gratuitement depuis n\u2019importe o\u00f9 par tout utilisateur disposant d\u2019un acc\u00e8s \u00e0 [&hellip;]\" \/>\n<meta property=\"og:url\" content=\"https:\/\/upmgspa.fr\/en\/conditions-generales-dutilisation\/\" \/>\n<meta property=\"og:site_name\" content=\"upmgspa.fr\" \/>\n<meta property=\"article:publisher\" content=\"https:\/\/www.facebook.com\/upmgspa\/\" \/>\n<meta property=\"article:modified_time\" content=\"2026-01-31T18:26:26+00:00\" \/>\n<meta name=\"twitter:card\" content=\"summary_large_image\" \/>\n<meta name=\"twitter:site\" content=\"@UPMGSPA\" \/>\n<meta name=\"twitter:label1\" content=\"Est. reading time\" \/>\n\t<meta name=\"twitter:data1\" content=\"6 minutes\" \/>\n<script type=\"application\/ld+json\" class=\"yoast-schema-graph\">{\"@context\":\"https:\/\/schema.org\",\"@graph\":[{\"@type\":\"WebPage\",\"@id\":\"https:\/\/upmgspa.fr\/conditions-generales-dutilisation\/\",\"url\":\"https:\/\/upmgspa.fr\/conditions-generales-dutilisation\/\",\"name\":\"Conditions g\u00e9n\u00e9rales d'utilisation - upmgspa.fr\",\"isPartOf\":{\"@id\":\"https:\/\/upmgspa.fr\/#website\"},\"datePublished\":\"2024-10-06T20:00:32+00:00\",\"dateModified\":\"2026-01-31T18:26:26+00:00\",\"breadcrumb\":{\"@id\":\"https:\/\/upmgspa.fr\/conditions-generales-dutilisation\/#breadcrumb\"},\"inLanguage\":\"en-US\",\"potentialAction\":[{\"@type\":\"ReadAction\",\"target\":[\"https:\/\/upmgspa.fr\/conditions-generales-dutilisation\/\"]}]},{\"@type\":\"BreadcrumbList\",\"@id\":\"https:\/\/upmgspa.fr\/conditions-generales-dutilisation\/#breadcrumb\",\"itemListElement\":[{\"@type\":\"ListItem\",\"position\":1,\"name\":\"Accueil\",\"item\":\"https:\/\/upmgspa.fr\/\"},{\"@type\":\"ListItem\",\"position\":2,\"name\":\"Conditions g\u00e9n\u00e9rales d&rsquo;utilisation\"}]},{\"@type\":\"WebSite\",\"@id\":\"https:\/\/upmgspa.fr\/#website\",\"url\":\"https:\/\/upmgspa.fr\/\",\"name\":\"upmgspa.fr\",\"description\":\"Un pont entre les \u00eatres dans notre r\u00e9gion\",\"publisher\":{\"@id\":\"https:\/\/upmgspa.fr\/#organization\"},\"potentialAction\":[{\"@type\":\"SearchAction\",\"target\":{\"@type\":\"EntryPoint\",\"urlTemplate\":\"https:\/\/upmgspa.fr\/?s={search_term_string}\"},\"query-input\":{\"@type\":\"PropertyValueSpecification\",\"valueRequired\":true,\"valueName\":\"search_term_string\"}}],\"inLanguage\":\"en-US\"},{\"@type\":\"Organization\",\"@id\":\"https:\/\/upmgspa.fr\/#organization\",\"name\":\"upmgspa.fr\",\"url\":\"https:\/\/upmgspa.fr\/\",\"logo\":{\"@type\":\"ImageObject\",\"inLanguage\":\"en-US\",\"@id\":\"https:\/\/upmgspa.fr\/#\/schema\/logo\/image\/\",\"url\":\"https:\/\/upmgspa.fr\/wp-content\/uploads\/2024\/10\/logo-UPMGSPA.png\",\"contentUrl\":\"https:\/\/upmgspa.fr\/wp-content\/uploads\/2024\/10\/logo-UPMGSPA.png\",\"width\":500,\"height\":500,\"caption\":\"upmgspa.fr\"},\"image\":{\"@id\":\"https:\/\/upmgspa.fr\/#\/schema\/logo\/image\/\"},\"sameAs\":[\"https:\/\/www.facebook.com\/upmgspa\/\",\"https:\/\/x.com\/UPMGSPA\"]}]}<\/script>\n<!-- \/ Yoast SEO plugin. -->","yoast_head_json":{"title":"Conditions g\u00e9n\u00e9rales d'utilisation - upmgspa.fr","robots":{"index":"index","follow":"follow","max-snippet":"max-snippet:-1","max-image-preview":"max-image-preview:large","max-video-preview":"max-video-preview:-1"},"canonical":"https:\/\/upmgspa.fr\/en\/conditions-generales-dutilisation\/","og_locale":"en_US","og_type":"article","og_title":"Conditions g\u00e9n\u00e9rales d'utilisation - upmgspa.fr","og_description":"Conditions g\u00e9n\u00e9rales d\u2019utilisation du site\u00a0Universit\u00e9 populaire M\u00e9diterran\u00e9e des gorges de la Siagne et des Pr\u00e9alpes d\u2019Azur &nbsp; Article 1\u00a0: Objet Les pr\u00e9sentes CGU ou Conditions G\u00e9n\u00e9rales d\u2019Utilisation encadrent juridiquement l\u2019utilisation des services du site https:\/\/upmgspa.fr\/ (ci-apr\u00e8s d\u00e9nomm\u00e9 \u00ab\u00a0le site\u00a0\u00bb).Constituant le contrat entre l\u2019association Universit\u00e9 populaire M\u00e9diterran\u00e9e des gorges de la Siagne et des Pr\u00e9alpes d\u2019Azur, l\u2019Utilisateur, l\u2019acc\u00e8s au site doit \u00eatre pr\u00e9c\u00e9d\u00e9 de l\u2019acceptation de ces CGU. L\u2019acc\u00e8s \u00e0 cette plateforme signifie l\u2019acceptation des pr\u00e9sentes CGU. Article 2\u00a0:\u00a0Mentions l\u00e9gales L\u2019\u00e9dition du site Universit\u00e9 populaire M\u00e9diterran\u00e9e des gorges de la Siagne et des Pr\u00e9alpes d\u2019Azur est assur\u00e9e par l\u2019association Universit\u00e9 populaire M\u00e9diterran\u00e9e des gorges de la Siagne et des Pr\u00e9alpes d\u2019Azur, dont le si\u00e8ge social est localis\u00e9 au 100 chemin de premorel 06530 Saint-C\u00e9zaire-sur-Siagne, France M\u00e9tropolitaine.L\u2019h\u00e9bergeur du site https:\/\/upmgspa.fr\/ est h\u00e9berg\u00e9 par :HostingerLe si\u00e8ge d\u2019Hostinger est situ\u00e9 \u00e0 Kaunas, en Lituanie, et dispose de plusieurs bureaux dans diff\u00e9rentes r\u00e9gions. Pour contacter l\u2019\u00e9quipe Hostinger par @ : support@hostinger.com Article 3\u00a0: Acc\u00e8s au site Le site Universit\u00e9 populaire M\u00e9diterran\u00e9e des gorges de la Siagne et des Pr\u00e9alpes d\u2019Azur permet d\u2019acc\u00e9der gratuitement aux informations g\u00e9n\u00e9rales concernant les activit\u00e9s de l\u2019UPMGSPALe site est accessible gratuitement depuis n\u2019importe o\u00f9 par tout utilisateur disposant d\u2019un acc\u00e8s \u00e0 [&hellip;]","og_url":"https:\/\/upmgspa.fr\/en\/conditions-generales-dutilisation\/","og_site_name":"upmgspa.fr","article_publisher":"https:\/\/www.facebook.com\/upmgspa\/","article_modified_time":"2026-01-31T18:26:26+00:00","twitter_card":"summary_large_image","twitter_site":"@UPMGSPA","twitter_misc":{"Est. reading time":"6 minutes"},"schema":{"@context":"https:\/\/schema.org","@graph":[{"@type":"WebPage","@id":"https:\/\/upmgspa.fr\/conditions-generales-dutilisation\/","url":"https:\/\/upmgspa.fr\/conditions-generales-dutilisation\/","name":"Conditions g\u00e9n\u00e9rales d'utilisation - upmgspa.fr","isPartOf":{"@id":"https:\/\/upmgspa.fr\/#website"},"datePublished":"2024-10-06T20:00:32+00:00","dateModified":"2026-01-31T18:26:26+00:00","breadcrumb":{"@id":"https:\/\/upmgspa.fr\/conditions-generales-dutilisation\/#breadcrumb"},"inLanguage":"en-US","potentialAction":[{"@type":"ReadAction","target":["https:\/\/upmgspa.fr\/conditions-generales-dutilisation\/"]}]},{"@type":"BreadcrumbList","@id":"https:\/\/upmgspa.fr\/conditions-generales-dutilisation\/#breadcrumb","itemListElement":[{"@type":"ListItem","position":1,"name":"Accueil","item":"https:\/\/upmgspa.fr\/"},{"@type":"ListItem","position":2,"name":"Conditions g\u00e9n\u00e9rales d&rsquo;utilisation"}]},{"@type":"WebSite","@id":"https:\/\/upmgspa.fr\/#website","url":"https:\/\/upmgspa.fr\/","name":"upmgspa.fr","description":"Un pont entre les \u00eatres dans notre r\u00e9gion","publisher":{"@id":"https:\/\/upmgspa.fr\/#organization"},"potentialAction":[{"@type":"SearchAction","target":{"@type":"EntryPoint","urlTemplate":"https:\/\/upmgspa.fr\/?s={search_term_string}"},"query-input":{"@type":"PropertyValueSpecification","valueRequired":true,"valueName":"search_term_string"}}],"inLanguage":"en-US"},{"@type":"Organization","@id":"https:\/\/upmgspa.fr\/#organization","name":"upmgspa.fr","url":"https:\/\/upmgspa.fr\/","logo":{"@type":"ImageObject","inLanguage":"en-US","@id":"https:\/\/upmgspa.fr\/#\/schema\/logo\/image\/","url":"https:\/\/upmgspa.fr\/wp-content\/uploads\/2024\/10\/logo-UPMGSPA.png","contentUrl":"https:\/\/upmgspa.fr\/wp-content\/uploads\/2024\/10\/logo-UPMGSPA.png","width":500,"height":500,"caption":"upmgspa.fr"},"image":{"@id":"https:\/\/upmgspa.fr\/#\/schema\/logo\/image\/"},"sameAs":["https:\/\/www.facebook.com\/upmgspa\/","https:\/\/x.com\/UPMGSPA"]}]}},"_links":{"self":[{"href":"https:\/\/upmgspa.fr\/en\/wp-json\/wp\/v2\/pages\/135","targetHints":{"allow":["GET"]}}],"collection":[{"href":"https:\/\/upmgspa.fr\/en\/wp-json\/wp\/v2\/pages"}],"about":[{"href":"https:\/\/upmgspa.fr\/en\/wp-json\/wp\/v2\/types\/page"}],"author":[{"embeddable":true,"href":"https:\/\/upmgspa.fr\/en\/wp-json\/wp\/v2\/users\/1"}],"replies":[{"embeddable":true,"href":"https:\/\/upmgspa.fr\/en\/wp-json\/wp\/v2\/comments?post=135"}],"version-history":[{"count":5,"href":"https:\/\/upmgspa.fr\/en\/wp-json\/wp\/v2\/pages\/135\/revisions"}],"predecessor-version":[{"id":260,"href":"https:\/\/upmgspa.fr\/en\/wp-json\/wp\/v2\/pages\/135\/revisions\/260"}],"wp:attachment":[{"href":"https:\/\/upmgspa.fr\/en\/wp-json\/wp\/v2\/media?parent=135"}],"curies":[{"name":"wp","href":"https:\/\/api.w.org\/{rel}","templated":true}]}}